{"id":4770,"date":"2023-02-21T12:38:33","date_gmt":"2023-02-21T09:38:33","guid":{"rendered":"https:\/\/kidzstations.com\/?post_type=product&#038;p=4770"},"modified":"2023-05-14T14:26:55","modified_gmt":"2023-05-14T11:26:55","slug":"glitter-stand","status":"publish","type":"product","link":"https:\/\/kidzstations.com\/ar\/product\/glitter-stand\/","title":{"rendered":"\u00d8\u00b3\u00d8\u00aa\u00d8\u00a7\u00d9\u2020\u00d8\u00af \u00d9\u201a\u00d9\u201e\u00d9\u0160\u00d8\u00aa\u00d8\u00b1 \u00d8\u00a7\u00d9\u201e\u00d9\u2026\u00d8\u00b4\u00d8\u00a7\u00d9\u2021\u00d9\u0160\u00d8\u00b1 \u00e2\u20ac\u201c \u00d8\u00b9\u00d8\u00af\u00d8\u00af 1"},"content":{"rendered":"<div data-elementor-type=\"wp-post\" data-elementor-id=\"4770\" class=\"elementor elementor-4770\" data-elementor-post-type=\"product\">\n\t\t\t\t\t\t<section class=\"elementor-section elementor-top-section elementor-element elementor-element-21d8f50d elementor-section-boxed elementor-section-height-default elementor-section-height-default\" data-id=\"21d8f50d\" data-element_type=\"section\" data-settings=\"{&quot;jet_parallax_layout_list&quot;:[]}\">\n\t\t\t\t\t\t<div class=\"elementor-container elementor-column-gap-default\">\n\t\t\t\t\t<div class=\"elementor-column elementor-col-100 elementor-top-column elementor-element elementor-element-3a38fcc0\" data-id=\"3a38fcc0\" data-element_type=\"column\">\n\t\t\t<div class=\"elementor-widget-wrap elementor-element-populated\">\n\t\t\t\t\t\t<div class=\"elementor-element elementor-element-6edd0d2c elementor-widget elementor-widget-text-editor\" data-id=\"6edd0d2c\" data-element_type=\"widget\" data-widget_type=\"text-editor.default\">\n\t\t\t\t<div class=\"elementor-widget-container\">\n\t\t\t\t\t\t\t\t\t<p style=\"font-style: normal; font-variant-numeric: normal; font-variant-east-asian: normal; font-weight: 400; font-stretch: normal; font-size: 17px; line-height: 1.35; font-family: 'El Messiri', sans-serif; margin-top: 0rem; margin-bottom: 1rem; color: #09132e;\"><span style=\"color: #007398; font-weight: bold;\">\u0647\u0630\u0627 \u0627\u0644\u062a\u0635\u0645\u064a\u0645 \u064a\u0634\u0645\u0644 \u062a\u0623\u062c\u064a\u0631 \u0627\u0644\u062a\u0627\u0644\u064a:<\/span><\/p>\n<ul style=\"font-style: normal; font-variant-numeric: normal; font-variant-east-asian: normal; font-weight: 400; font-stretch: normal; font-size: 13px; line-height: 1.35; font-family: 'El Messiri', sans-serif; margin-top: 0rem; margin-bottom: 2.5rem; color: #09132e;\">\n<li style=\"font-size: 18px; margin-top: 0rem; margin-bottom: 1rem;\">\n<ul style=\"font-size: 13px; font-style: normal; font-weight: 400; margin-top: 0rem; margin-right: 3em; margin-bottom: 2.5rem; font-variant-numeric: normal; font-variant-east-asian: normal; font-stretch: normal; line-height: 1.35;\">\n<li style=\"font-size: 18px; margin-top: 0rem; margin-bottom: 1rem;\"><span style=\"font-style: inherit; font-weight: inherit;\">\u0633\u062a\u0627\u0646\u062f \u0642\u0648\u0633 \u062e\u0644\u0641\u064a \u0628\u062a\u0635\u0645\u064a\u0645 \u0642\u0644\u064a\u062a\u0631 \u0627\u0644\u0645\u0634\u0627\u0647\u064a\u0631 \u0639\u062f\u062f 1.<\/span><\/li>\n<li style=\"font-size: 18px; margin-top: 0rem; margin-bottom: 1rem;\"><span style=\"font-style: inherit; font-weight: inherit;\">\u0627\u0644\u0628\u0627\u0644\u0648\u0646\u0627\u062a \/&nbsp; \u0639\u062f\u062f \u0645\u0646 150\u0627\u0644\u0649 200 \u0628\u0627\u0644\u0648\u0646.<\/span><\/li>\n<li style=\"font-size: 18px; margin-top: 0rem; margin-bottom: 1rem;\">&#8216;\u0637\u0627\u0648\u0644\u0629 \u0643\u064a\u0643 \/ \u0639\u062f\u062f 3.<\/li>\n<li style=\"font-size: 18px; margin-top: 0rem; margin-bottom: 1rem;\">\u0643\u0634\u0627\u0641 \u0636\u0648\u0621 \u0645\u062a\u0639\u062f\u062f \u0627\u0644\u0623\u0644\u0648\u0627\u0646 \/ \u0639\u062f\u062f 2.<\/li>\n<li style=\"font-size: 18px; margin-top: 0rem; margin-bottom: 1rem;\">\u0645\u062c\u0633\u0645\u0627\u062a \u0644\u0634\u062e\u0635\u064a\u0627\u062a \u0627\u0644\u062b\u064a\u0645 \u0627\u0644\u0645\u062e\u062a\u0627\u0631.<\/li>\n<\/ul>\n<p style=\"font-size: 17px; font-style: normal; font-weight: 400; margin-top: 0rem; margin-bottom: 1rem; font-variant-numeric: normal; font-variant-east-asian: normal; font-stretch: normal; line-height: 1.35;\"><span style=\"font-weight: bold; color: #007398;\">\u0645\u0644\u0627\u062d\u0638\u0629:<\/span><\/p>\n<ul style=\"font-size: 13px; font-style: normal; font-weight: 400; margin-top: 0rem; margin-right: 3em; margin-bottom: 2.5rem; font-variant-numeric: normal; font-variant-east-asian: normal; font-stretch: normal; line-height: 1.35;\">\n<li style=\"font-size: 18px; margin-top: 0rem; margin-bottom: 1rem;\">\u064a\u0645\u0643\u0646\u0643 \u0625\u0636\u0627\u0641\u0629 \u0623\u0641\u0643\u0627\u0631\u0643 \u0645\u0646 \u062e\u0644\u0627\u0644 \u0627\u0644\u0645\u0644\u0627\u062d\u0638\u0627\u062a \u0639\u0646\u062f \u0625\u062a\u0645\u0627\u0645 \u0627\u0644\u0637\u0644\u0628.<\/li>\n<\/ul>\n<p style=\"font-size: 17px; font-style: normal; font-weight: 400; margin-top: 0rem; margin-bottom: 1rem; font-variant-numeric: normal; font-variant-east-asian: normal; font-stretch: normal; line-height: 1.35;\"><span style=\"font-weight: bold; color: #007398;\">\u0627\u0644\u0634\u0631\u0648\u0637 \u0648\u0627\u0644\u0623\u062d\u0643\u0627\u0645:<\/span><\/p>\n<ul style=\"font-size: 13px; font-style: normal; font-weight: 400; margin-top: 0rem; margin-right: 3em; margin-bottom: 2.5rem; font-variant-numeric: normal; font-variant-east-asian: normal; font-stretch: normal; line-height: 1.35;\">\n<li style=\"font-size: 18px; margin-top: 0rem; margin-bottom: 1rem;\">\u064a\u062c\u0628 \u0627\u0644\u062d\u062c\u0632 \u0642\u0628\u0644 7 \u0623\u064a\u0627\u0645 \u0645\u0646 \u0645\u0648\u0639\u062f \u0627\u0644\u062d\u0641\u0644.<\/li>\n<li style=\"font-size: 18px; margin-top: 0rem; margin-bottom: 1rem;\">\u064a\u0645\u0643\u0646 \u0637\u0644\u0628 \u0627\u064a \u062e\u062f\u0645\u0629 \u0645\u0646 \u0627\u0644\u062e\u062f\u0645\u0627\u062a \u0627\u0644\u0625\u0636\u0627\u0641\u064a\u0629 \u0645\u0639 \u0647\u0630\u0627 \u0627\u0644\u062a\u0635\u0645\u064a\u0645.<\/li>\n<\/ul>\n<\/li>\n<\/ul>\t\t\t\t\t\t\t\t<\/div>\n\t\t\t\t<\/div>\n\t\t\t\t\t<\/div>\n\t\t<\/div>\n\t\t\t\t\t<\/div>\n\t\t<\/section>\n\t\t\t\t<\/div>","protected":false},"excerpt":{"rendered":"<p><strong class=\"\">\u00d8\u00a8\u00d9\u02c6\u00d8\u00a7\u00d8\u00b3\u00d8\u00b7\u00d8\u00a9 :<\/strong> <a href=\"https:\/\/kidzstations.com\/ar\/\">\u00d9\u0192\u00d9\u0160\u00d8\u00af\u00d8\u00b2 \u00d8\u00b3\u00d8\u00aa\u00d9\u0160\u00d8\u00b4\u00d9\u2020\u00d8\u00b3<\/a><\/p>\n<div class=\"page-title-wrapper product\">\n<div class=\"product attribute sku brand extra-attr\"><\/div>\n<\/div>\n<div class=\"product-info-main-inner\">\n<div class=\"product-info-price\">\n<div class=\"product-info-stock-sku\"><\/div>\n<\/div>\n<\/div>","protected":false},"featured_media":4772,"template":"","meta":{"_joinchat":[]},"product_brand":[],"product_cat":[1396],"product_tag":[],"class_list":{"0":"post-4770","1":"product","2":"type-product","3":"status-publish","4":"has-post-thumbnail","6":"product_cat-kidz","8":"first","9":"instock","10":"taxable","11":"shipping-taxable","12":"purchasable","13":"product-type-simple"},"wcpa_form_fields":null,"_links":{"self":[{"href":"https:\/\/kidzstations.com\/ar\/wp-json\/wp\/v2\/product\/4770","targetHints":{"allow":["GET"]}}],"collection":[{"href":"https:\/\/kidzstations.com\/ar\/wp-json\/wp\/v2\/product"}],"about":[{"href":"https:\/\/kidzstations.com\/ar\/wp-json\/wp\/v2\/types\/product"}],"version-history":[{"count":0,"href":"https:\/\/kidzstations.com\/ar\/wp-json\/wp\/v2\/product\/4770\/revisions"}],"wp:featuredmedia":[{"embeddable":true,"href":"https:\/\/kidzstations.com\/ar\/wp-json\/wp\/v2\/media\/4772"}],"wp:attachment":[{"href":"https:\/\/kidzstations.com\/ar\/wp-json\/wp\/v2\/media?parent=4770"}],"wp:term":[{"taxonomy":"product_brand","embeddable":true,"href":"https:\/\/kidzstations.com\/ar\/wp-json\/wp\/v2\/product_brand?post=4770"},{"taxonomy":"product_cat","embeddable":true,"href":"https:\/\/kidzstations.com\/ar\/wp-json\/wp\/v2\/product_cat?post=4770"},{"taxonomy":"product_tag","embeddable":true,"href":"https:\/\/kidzstations.com\/ar\/wp-json\/wp\/v2\/product_tag?post=4770"}],"curies":[{"name":"wp","href":"https:\/\/api.w.org\/{rel}","templated":true}]}}