{"id":9905,"date":"2023-07-11T13:32:54","date_gmt":"2023-07-11T13:32:54","guid":{"rendered":"https:\/\/kidzstations.net\/?page_id=9905"},"modified":"2024-06-03T09:19:25","modified_gmt":"2024-06-03T06:19:25","slug":"food-cart","status":"publish","type":"page","link":"https:\/\/kidzstations.com\/ar\/food-cart\/","title":{"rendered":"\u0639\u0631\u0628\u0627\u062a \u0627\u0644\u0637\u0639\u0627\u0645"},"content":{"rendered":"<div data-elementor-type=\"wp-page\" data-elementor-id=\"9905\" class=\"elementor elementor-9905\" data-elementor-post-type=\"page\">\n\t\t\t\t<div class=\"elementor-element elementor-element-54767f5c e-flex e-con-boxed e-con e-parent\" data-id=\"54767f5c\" data-element_type=\"container\" data-settings=\"{&quot;jet_parallax_layout_list&quot;:[]}\">\n\t\t\t\t\t<div class=\"e-con-inner\">\n\t\t<div class=\"elementor-element elementor-element-2f5851e e-flex e-con-boxed e-con e-child\" data-id=\"2f5851e\" data-element_type=\"container\" data-settings=\"{&quot;jet_parallax_layout_list&quot;:[]}\">\n\t\t\t\t\t<div class=\"e-con-inner\">\n\t\t\t\t<div class=\"elementor-element elementor-element-a905cc8 elementor-widget elementor-widget-heading\" data-id=\"a905cc8\" data-element_type=\"widget\" data-widget_type=\"heading.default\">\n\t\t\t\t<div class=\"elementor-widget-container\">\n\t\t\t\t\t<h2 class=\"elementor-heading-title elementor-size-default\">\u00d8\u00aa\u00d8\u00a3\u00d8\u00ac\u00d9\u0160\u00d8\u00b1 \u00d8\u00b9\u00d8\u00b1\u00d8\u00a8\u00d8\u00a7\u00d8\u00aa \u00d8\u00a7\u00d9\u201e\u00d9\u2026\u00d8\u00a3\u00d9\u0192\u00d9\u02c6\u00d9\u201e\u00d8\u00a7\u00d8\u00aa<\/h2>\t\t\t\t<\/div>\n\t\t\t\t<\/div>\n\t\t\t\t\t<\/div>\n\t\t\t\t<\/div>\n\t\t\t\t\t<\/div>\n\t\t\t\t<\/div>\n\t\t<div class=\"elementor-element elementor-element-2ddd334 e-flex e-con-boxed e-con e-parent\" data-id=\"2ddd334\" data-element_type=\"container\" data-settings=\"{&quot;jet_parallax_layout_list&quot;:[]}\">\n\t\t\t\t\t<div class=\"e-con-inner\">\n\t\t<div class=\"elementor-element elementor-element-236e7f8 e-con-full e-flex e-con e-child\" data-id=\"236e7f8\" data-element_type=\"container\" data-settings=\"{&quot;jet_parallax_layout_list&quot;:[]}\">\n\t\t\t\t<div class=\"elementor-element elementor-element-1724ec8 elementor-widget elementor-widget-image\" data-id=\"1724ec8\" data-element_type=\"widget\" data-widget_type=\"image.default\">\n\t\t\t\t<div class=\"elementor-widget-container\">\n\t\t\t\t\t\t\t\t\t\t\t\t\t\t\t<img fetchpriority=\"high\" decoding=\"async\" width=\"500\" height=\"500\" src=\"https:\/\/kidzstations.com\/wp-content\/uploads\/2024\/04\/Sweet_Corn.webp\" class=\"attachment-large size-large wp-image-12682\" alt=\"\" srcset=\"https:\/\/kidzstations.com\/wp-content\/uploads\/2024\/04\/Sweet_Corn.webp 500w, https:\/\/kidzstations.com\/wp-content\/uploads\/2024\/04\/Sweet_Corn-300x300.webp 300w, https:\/\/kidzstations.com\/wp-content\/uploads\/2024\/04\/Sweet_Corn-150x150.webp 150w, https:\/\/kidzstations.com\/wp-content\/uploads\/2024\/04\/Sweet_Corn-12x12.webp 12w, https:\/\/kidzstations.com\/wp-content\/uploads\/2024\/04\/Sweet_Corn-100x100.webp 100w\" sizes=\"(max-width: 500px) 100vw, 500px\" \/>\t\t\t\t\t\t\t\t\t\t\t\t\t\t\t<\/div>\n\t\t\t\t<\/div>\n\t\t\t\t<div class=\"elementor-element elementor-element-d87ff49 elementor-widget elementor-widget-heading\" data-id=\"d87ff49\" data-element_type=\"widget\" data-widget_type=\"heading.default\">\n\t\t\t\t<div class=\"elementor-widget-container\">\n\t\t\t\t\t<h2 class=\"elementor-heading-title elementor-size-default\">\u0639\u0631\u0628\u0629 \u0627\u0644\u0630\u0631\u0629 \u0627\u0644\u062d\u0644\u0648\u0629<\/h2>\t\t\t\t<\/div>\n\t\t\t\t<\/div>\n\t\t\t\t<div class=\"elementor-element elementor-element-61d4543 elementor-widget elementor-widget-heading\" data-id=\"61d4543\" data-element_type=\"widget\" data-widget_type=\"heading.default\">\n\t\t\t\t<div class=\"elementor-widget-container\">\n\t\t\t\t\t<h2 class=\"elementor-heading-title elementor-size-default\">Serves 25 Person<\/h2>\t\t\t\t<\/div>\n\t\t\t\t<\/div>\n\t\t\t\t<div class=\"elementor-element elementor-element-2cd0548 elementor-widget elementor-widget-text-editor\" data-id=\"2cd0548\" data-element_type=\"widget\" data-widget_type=\"text-editor.default\">\n\t\t\t\t<div class=\"elementor-widget-container\">\n\t\t\t\t\t\t\t\t\t<p>Extra 25 boxes: SAR 188<\/p>\t\t\t\t\t\t\t\t<\/div>\n\t\t\t\t<\/div>\n\t\t\t\t<div class=\"elementor-element elementor-element-4b6a413 elementor-widget elementor-widget-heading\" data-id=\"4b6a413\" data-element_type=\"widget\" data-widget_type=\"heading.default\">\n\t\t\t\t<div class=\"elementor-widget-container\">\n\t\t\t\t\t<h2 class=\"elementor-heading-title elementor-size-default\">SAR 459<\/h2>\t\t\t\t<\/div>\n\t\t\t\t<\/div>\n\t\t\t\t<div class=\"elementor-element elementor-element-09642bb elementor-align-center elementor-widget elementor-widget-button\" data-id=\"09642bb\" data-element_type=\"widget\" data-widget_type=\"button.default\">\n\t\t\t\t<div class=\"elementor-widget-container\">\n\t\t\t\t\t\t\t\t\t<div class=\"elementor-button-wrapper\">\n\t\t\t\t\t<a class=\"elementor-button elementor-button-link elementor-size-sm\" href=\"https:\/\/api.whatsapp.com\/send?phone=966535866234&#038;text=%D9%85%D8%B1%D8%AD%D8%A8%D8%A7%20%D9%83%D9%8A%D8%AF%D8%B2%20%D8%B3%D8%AA%D9%8A%D8%B4%D9%86%D8%B3%D8%8C%D8%8C%D9%88%D8%AF%D9%8A%20%D8%A3%D8%B3%D8%AA%D9%81%D8%B3%D8%B1%20%D8%A3%D9%83%D8%AB%D8%B1%20%D8%B9%D9%86%20%D8%AE%D8%AF%D9%85%D8%A7%D8%AA%D9%83%D9%85\">\n\t\t\t\t\t\t<span class=\"elementor-button-content-wrapper\">\n\t\t\t\t\t\t\t\t\t<span class=\"elementor-button-text\">Click Here For More Info<\/span>\n\t\t\t\t\t<\/span>\n\t\t\t\t\t<\/a>\n\t\t\t\t<\/div>\n\t\t\t\t\t\t\t\t<\/div>\n\t\t\t\t<\/div>\n\t\t\t\t<\/div>\n\t\t<div class=\"elementor-element elementor-element-fd1cbdf e-con-full e-flex e-con e-child\" data-id=\"fd1cbdf\" data-element_type=\"container\" data-settings=\"{&quot;jet_parallax_layout_list&quot;:[]}\">\n\t\t\t\t<div class=\"elementor-element elementor-element-9e4c146 elementor-widget elementor-widget-image\" data-id=\"9e4c146\" data-element_type=\"widget\" data-widget_type=\"image.default\">\n\t\t\t\t<div class=\"elementor-widget-container\">\n\t\t\t\t\t\t\t\t\t\t\t\t\t\t\t<img decoding=\"async\" width=\"750\" height=\"750\" src=\"https:\/\/kidzstations.com\/wp-content\/uploads\/2024\/04\/Corron-Candy-kidz.webp\" class=\"attachment-large size-large wp-image-12722\" alt=\"\" srcset=\"https:\/\/kidzstations.com\/wp-content\/uploads\/2024\/04\/Corron-Candy-kidz.webp 750w, https:\/\/kidzstations.com\/wp-content\/uploads\/2024\/04\/Corron-Candy-kidz-300x300.webp 300w, https:\/\/kidzstations.com\/wp-content\/uploads\/2024\/04\/Corron-Candy-kidz-150x150.webp 150w, https:\/\/kidzstations.com\/wp-content\/uploads\/2024\/04\/Corron-Candy-kidz-12x12.webp 12w, https:\/\/kidzstations.com\/wp-content\/uploads\/2024\/04\/Corron-Candy-kidz-600x600.webp 600w, https:\/\/kidzstations.com\/wp-content\/uploads\/2024\/04\/Corron-Candy-kidz-100x100.webp 100w\" sizes=\"(max-width: 750px) 100vw, 750px\" \/>\t\t\t\t\t\t\t\t\t\t\t\t\t\t\t<\/div>\n\t\t\t\t<\/div>\n\t\t\t\t<div class=\"elementor-element elementor-element-974dc5e elementor-widget elementor-widget-heading\" data-id=\"974dc5e\" data-element_type=\"widget\" data-widget_type=\"heading.default\">\n\t\t\t\t<div class=\"elementor-widget-container\">\n\t\t\t\t\t<h2 class=\"elementor-heading-title elementor-size-default\">\u0639\u0631\u0628\u0629 \u063a\u0632\u0644 \u0627\u0644\u0628\u0646\u0627\u062a<\/h2>\t\t\t\t<\/div>\n\t\t\t\t<\/div>\n\t\t\t\t<div class=\"elementor-element elementor-element-841adb1 elementor-widget elementor-widget-heading\" data-id=\"841adb1\" data-element_type=\"widget\" data-widget_type=\"heading.default\">\n\t\t\t\t<div class=\"elementor-widget-container\">\n\t\t\t\t\t<h2 class=\"elementor-heading-title elementor-size-default\">Serves 25 Person<\/h2>\t\t\t\t<\/div>\n\t\t\t\t<\/div>\n\t\t\t\t<div class=\"elementor-element elementor-element-e9a0c1f elementor-widget elementor-widget-text-editor\" data-id=\"e9a0c1f\" data-element_type=\"widget\" data-widget_type=\"text-editor.default\">\n\t\t\t\t<div class=\"elementor-widget-container\">\n\t\t\t\t\t\t\t\t\t<p>Extra 25 boxes: SAR 188<\/p>\t\t\t\t\t\t\t\t<\/div>\n\t\t\t\t<\/div>\n\t\t\t\t<div class=\"elementor-element elementor-element-3f31eea elementor-widget elementor-widget-heading\" data-id=\"3f31eea\" data-element_type=\"widget\" data-widget_type=\"heading.default\">\n\t\t\t\t<div class=\"elementor-widget-container\">\n\t\t\t\t\t<h2 class=\"elementor-heading-title elementor-size-default\">SAR 459<\/h2>\t\t\t\t<\/div>\n\t\t\t\t<\/div>\n\t\t\t\t<div class=\"elementor-element elementor-element-d5af280 elementor-align-center elementor-widget elementor-widget-button\" data-id=\"d5af280\" data-element_type=\"widget\" data-widget_type=\"button.default\">\n\t\t\t\t<div class=\"elementor-widget-container\">\n\t\t\t\t\t\t\t\t\t<div class=\"elementor-button-wrapper\">\n\t\t\t\t\t<a class=\"elementor-button elementor-button-link elementor-size-sm\" href=\"https:\/\/api.whatsapp.com\/send?phone=966535866234&#038;text=%D9%85%D8%B1%D8%AD%D8%A8%D8%A7%20%D9%83%D9%8A%D8%AF%D8%B2%20%D8%B3%D8%AA%D9%8A%D8%B4%D9%86%D8%B3%D8%8C%D8%8C%D9%88%D8%AF%D9%8A%20%D8%A3%D8%B3%D8%AA%D9%81%D8%B3%D8%B1%20%D8%A3%D9%83%D8%AB%D8%B1%20%D8%B9%D9%86%20%D8%AE%D8%AF%D9%85%D8%A7%D8%AA%D9%83%D9%85\">\n\t\t\t\t\t\t<span class=\"elementor-button-content-wrapper\">\n\t\t\t\t\t\t\t\t\t<span class=\"elementor-button-text\">Click Here For More Info<\/span>\n\t\t\t\t\t<\/span>\n\t\t\t\t\t<\/a>\n\t\t\t\t<\/div>\n\t\t\t\t\t\t\t\t<\/div>\n\t\t\t\t<\/div>\n\t\t\t\t<\/div>\n\t\t<div class=\"elementor-element elementor-element-2adc801 e-con-full e-flex e-con e-child\" data-id=\"2adc801\" data-element_type=\"container\" data-settings=\"{&quot;jet_parallax_layout_list&quot;:[]}\">\n\t\t\t\t<div class=\"elementor-element elementor-element-7618c35 elementor-widget elementor-widget-image\" data-id=\"7618c35\" data-element_type=\"widget\" data-widget_type=\"image.default\">\n\t\t\t\t<div class=\"elementor-widget-container\">\n\t\t\t\t\t\t\t\t\t\t\t\t\t\t\t<img decoding=\"async\" width=\"500\" height=\"500\" src=\"https:\/\/kidzstations.com\/wp-content\/uploads\/2024\/04\/POPCORN2-1.webp\" class=\"attachment-large size-large wp-image-12729\" alt=\"\" srcset=\"https:\/\/kidzstations.com\/wp-content\/uploads\/2024\/04\/POPCORN2-1.webp 500w, https:\/\/kidzstations.com\/wp-content\/uploads\/2024\/04\/POPCORN2-1-300x300.webp 300w, https:\/\/kidzstations.com\/wp-content\/uploads\/2024\/04\/POPCORN2-1-150x150.webp 150w, https:\/\/kidzstations.com\/wp-content\/uploads\/2024\/04\/POPCORN2-1-12x12.webp 12w, https:\/\/kidzstations.com\/wp-content\/uploads\/2024\/04\/POPCORN2-1-100x100.webp 100w\" sizes=\"(max-width: 500px) 100vw, 500px\" \/>\t\t\t\t\t\t\t\t\t\t\t\t\t\t\t<\/div>\n\t\t\t\t<\/div>\n\t\t\t\t<div class=\"elementor-element elementor-element-85c06fb elementor-widget elementor-widget-heading\" data-id=\"85c06fb\" data-element_type=\"widget\" data-widget_type=\"heading.default\">\n\t\t\t\t<div class=\"elementor-widget-container\">\n\t\t\t\t\t<h2 class=\"elementor-heading-title elementor-size-default\">\u00d8\u00b9\u00d8\u00b1\u00d8\u00a8\u00d8\u00a9 \u00d8\u00a7\u00d9\u201e\u00d9\u0081\u00d8\u00b4\u00d8\u00a7\u00d8\u00b1<\/h2>\t\t\t\t<\/div>\n\t\t\t\t<\/div>\n\t\t\t\t<div class=\"elementor-element elementor-element-06cd73e elementor-widget elementor-widget-heading\" data-id=\"06cd73e\" data-element_type=\"widget\" data-widget_type=\"heading.default\">\n\t\t\t\t<div class=\"elementor-widget-container\">\n\t\t\t\t\t<h2 class=\"elementor-heading-title elementor-size-default\">Serves 25 Person<\/h2>\t\t\t\t<\/div>\n\t\t\t\t<\/div>\n\t\t\t\t<div class=\"elementor-element elementor-element-958b202 elementor-widget elementor-widget-text-editor\" data-id=\"958b202\" data-element_type=\"widget\" data-widget_type=\"text-editor.default\">\n\t\t\t\t<div class=\"elementor-widget-container\">\n\t\t\t\t\t\t\t\t\t<p>Extra 25 boxes: SAR 188<\/p>\t\t\t\t\t\t\t\t<\/div>\n\t\t\t\t<\/div>\n\t\t\t\t<div class=\"elementor-element elementor-element-042f352 elementor-widget elementor-widget-heading\" data-id=\"042f352\" data-element_type=\"widget\" data-widget_type=\"heading.default\">\n\t\t\t\t<div class=\"elementor-widget-container\">\n\t\t\t\t\t<h2 class=\"elementor-heading-title elementor-size-default\">SAR 368<\/h2>\t\t\t\t<\/div>\n\t\t\t\t<\/div>\n\t\t\t\t<div class=\"elementor-element elementor-element-7a909dd elementor-align-center elementor-widget elementor-widget-button\" data-id=\"7a909dd\" data-element_type=\"widget\" data-widget_type=\"button.default\">\n\t\t\t\t<div class=\"elementor-widget-container\">\n\t\t\t\t\t\t\t\t\t<div class=\"elementor-button-wrapper\">\n\t\t\t\t\t<a class=\"elementor-button elementor-button-link elementor-size-sm\" href=\"https:\/\/kidzstations.com\/ar\/product\/popcorn-cart\/\">\n\t\t\t\t\t\t<span class=\"elementor-button-content-wrapper\">\n\t\t\t\t\t\t\t\t\t<span class=\"elementor-button-text\">Click Here For More Info<\/span>\n\t\t\t\t\t<\/span>\n\t\t\t\t\t<\/a>\n\t\t\t\t<\/div>\n\t\t\t\t\t\t\t\t<\/div>\n\t\t\t\t<\/div>\n\t\t\t\t<\/div>\n\t\t<div class=\"elementor-element elementor-element-92f71f0 e-con-full e-flex e-con e-child\" data-id=\"92f71f0\" data-element_type=\"container\" data-settings=\"{&quot;jet_parallax_layout_list&quot;:[]}\">\n\t\t\t\t<div class=\"elementor-element elementor-element-103463a elementor-widget elementor-widget-image\" data-id=\"103463a\" data-element_type=\"widget\" data-widget_type=\"image.default\">\n\t\t\t\t<div class=\"elementor-widget-container\">\n\t\t\t\t\t\t\t\t\t\t\t\t\t\t\t<img loading=\"lazy\" decoding=\"async\" width=\"750\" height=\"750\" src=\"https:\/\/kidzstations.com\/wp-content\/uploads\/2024\/04\/Pancake-kidz1.webp\" class=\"attachment-large size-large wp-image-12733\" alt=\"\" srcset=\"https:\/\/kidzstations.com\/wp-content\/uploads\/2024\/04\/Pancake-kidz1.webp 750w, https:\/\/kidzstations.com\/wp-content\/uploads\/2024\/04\/Pancake-kidz1-300x300.webp 300w, https:\/\/kidzstations.com\/wp-content\/uploads\/2024\/04\/Pancake-kidz1-150x150.webp 150w, https:\/\/kidzstations.com\/wp-content\/uploads\/2024\/04\/Pancake-kidz1-12x12.webp 12w, https:\/\/kidzstations.com\/wp-content\/uploads\/2024\/04\/Pancake-kidz1-600x600.webp 600w, https:\/\/kidzstations.com\/wp-content\/uploads\/2024\/04\/Pancake-kidz1-100x100.webp 100w\" sizes=\"(max-width: 750px) 100vw, 750px\" \/>\t\t\t\t\t\t\t\t\t\t\t\t\t\t\t<\/div>\n\t\t\t\t<\/div>\n\t\t\t\t<div class=\"elementor-element elementor-element-40272f8 elementor-widget elementor-widget-heading\" data-id=\"40272f8\" data-element_type=\"widget\" data-widget_type=\"heading.default\">\n\t\t\t\t<div class=\"elementor-widget-container\">\n\t\t\t\t\t<h2 class=\"elementor-heading-title elementor-size-default\">\u00d8\u00b9\u00d8\u00b1\u00d8\u00a8\u00d8\u00a9 \u00d8\u00a7\u00d9\u201e\u00d8\u00a8\u00d8\u00a7\u00d9\u2020\u00d9\u0192\u00d9\u0160\u00d9\u0192<\/h2>\t\t\t\t<\/div>\n\t\t\t\t<\/div>\n\t\t\t\t<div class=\"elementor-element elementor-element-b5a8edc elementor-widget elementor-widget-heading\" data-id=\"b5a8edc\" data-element_type=\"widget\" data-widget_type=\"heading.default\">\n\t\t\t\t<div class=\"elementor-widget-container\">\n\t\t\t\t\t<h2 class=\"elementor-heading-title elementor-size-default\">Serves 25 Person<\/h2>\t\t\t\t<\/div>\n\t\t\t\t<\/div>\n\t\t\t\t<div class=\"elementor-element elementor-element-25e6d7a elementor-widget elementor-widget-text-editor\" data-id=\"25e6d7a\" data-element_type=\"widget\" data-widget_type=\"text-editor.default\">\n\t\t\t\t<div class=\"elementor-widget-container\">\n\t\t\t\t\t\t\t\t\t<p><strong>Extra 25 boxes: SAR 387<\/strong><\/p>\t\t\t\t\t\t\t\t<\/div>\n\t\t\t\t<\/div>\n\t\t\t\t<div class=\"elementor-element elementor-element-0fa45f3 elementor-widget elementor-widget-heading\" data-id=\"0fa45f3\" data-element_type=\"widget\" data-widget_type=\"heading.default\">\n\t\t\t\t<div class=\"elementor-widget-container\">\n\t\t\t\t\t<h2 class=\"elementor-heading-title elementor-size-default\">SAR 637<\/h2>\t\t\t\t<\/div>\n\t\t\t\t<\/div>\n\t\t\t\t<div class=\"elementor-element elementor-element-8c33bb4 elementor-align-center elementor-widget elementor-widget-button\" data-id=\"8c33bb4\" data-element_type=\"widget\" data-widget_type=\"button.default\">\n\t\t\t\t<div class=\"elementor-widget-container\">\n\t\t\t\t\t\t\t\t\t<div class=\"elementor-button-wrapper\">\n\t\t\t\t\t<a class=\"elementor-button elementor-button-link elementor-size-sm\" href=\"https:\/\/api.whatsapp.com\/send?phone=966535866234&#038;text=%D9%85%D8%B1%D8%AD%D8%A8%D8%A7%20%D9%83%D9%8A%D8%AF%D8%B2%20%D8%B3%D8%AA%D9%8A%D8%B4%D9%86%D8%B3%D8%8C%D8%8C%D9%88%D8%AF%D9%8A%20%D8%A3%D8%B3%D8%AA%D9%81%D8%B3%D8%B1%20%D8%A3%D9%83%D8%AB%D8%B1%20%D8%B9%D9%86%20%D8%AE%D8%AF%D9%85%D8%A7%D8%AA%D9%83%D9%85\">\n\t\t\t\t\t\t<span class=\"elementor-button-content-wrapper\">\n\t\t\t\t\t\t\t\t\t<span class=\"elementor-button-text\">Click Here For More Info<\/span>\n\t\t\t\t\t<\/span>\n\t\t\t\t\t<\/a>\n\t\t\t\t<\/div>\n\t\t\t\t\t\t\t\t<\/div>\n\t\t\t\t<\/div>\n\t\t\t\t<\/div>\n\t\t<div class=\"elementor-element elementor-element-568d6b3 e-con-full e-flex e-con e-child\" data-id=\"568d6b3\" data-element_type=\"container\" data-settings=\"{&quot;jet_parallax_layout_list&quot;:[]}\">\n\t\t\t\t<div class=\"elementor-element elementor-element-ab779b7 elementor-widget elementor-widget-image\" data-id=\"ab779b7\" data-element_type=\"widget\" data-widget_type=\"image.default\">\n\t\t\t\t<div class=\"elementor-widget-container\">\n\t\t\t\t\t\t\t\t\t\t\t\t\t\t\t<img loading=\"lazy\" decoding=\"async\" width=\"500\" height=\"500\" src=\"https:\/\/kidzstations.com\/wp-content\/uploads\/2024\/04\/French_Fries-kidz.webp\" class=\"attachment-large size-large wp-image-12741\" alt=\"\" srcset=\"https:\/\/kidzstations.com\/wp-content\/uploads\/2024\/04\/French_Fries-kidz.webp 500w, https:\/\/kidzstations.com\/wp-content\/uploads\/2024\/04\/French_Fries-kidz-300x300.webp 300w, https:\/\/kidzstations.com\/wp-content\/uploads\/2024\/04\/French_Fries-kidz-150x150.webp 150w, https:\/\/kidzstations.com\/wp-content\/uploads\/2024\/04\/French_Fries-kidz-12x12.webp 12w, https:\/\/kidzstations.com\/wp-content\/uploads\/2024\/04\/French_Fries-kidz-100x100.webp 100w\" sizes=\"(max-width: 500px) 100vw, 500px\" \/>\t\t\t\t\t\t\t\t\t\t\t\t\t\t\t<\/div>\n\t\t\t\t<\/div>\n\t\t\t\t<div class=\"elementor-element elementor-element-b47054c elementor-widget elementor-widget-heading\" data-id=\"b47054c\" data-element_type=\"widget\" data-widget_type=\"heading.default\">\n\t\t\t\t<div class=\"elementor-widget-container\">\n\t\t\t\t\t<h2 class=\"elementor-heading-title elementor-size-default\">\u0639\u0631\u0628\u0629 \u0627\u0644\u0643\u0631\u0633\u0628\u064a<\/h2>\t\t\t\t<\/div>\n\t\t\t\t<\/div>\n\t\t\t\t<div class=\"elementor-element elementor-element-bef2088 elementor-widget elementor-widget-heading\" data-id=\"bef2088\" data-element_type=\"widget\" data-widget_type=\"heading.default\">\n\t\t\t\t<div class=\"elementor-widget-container\">\n\t\t\t\t\t<h2 class=\"elementor-heading-title elementor-size-default\">Serves 25 Person<\/h2>\t\t\t\t<\/div>\n\t\t\t\t<\/div>\n\t\t\t\t<div class=\"elementor-element elementor-element-2034505 elementor-widget elementor-widget-text-editor\" data-id=\"2034505\" data-element_type=\"widget\" data-widget_type=\"text-editor.default\">\n\t\t\t\t<div class=\"elementor-widget-container\">\n\t\t\t\t\t\t\t\t\t<p><strong>Extra 25 boxes: SAR 387<\/strong><\/p>\t\t\t\t\t\t\t\t<\/div>\n\t\t\t\t<\/div>\n\t\t\t\t<div class=\"elementor-element elementor-element-5d2ccb8 elementor-widget elementor-widget-heading\" data-id=\"5d2ccb8\" data-element_type=\"widget\" data-widget_type=\"heading.default\">\n\t\t\t\t<div class=\"elementor-widget-container\">\n\t\t\t\t\t<h2 class=\"elementor-heading-title elementor-size-default\">SAR 637<\/h2>\t\t\t\t<\/div>\n\t\t\t\t<\/div>\n\t\t\t\t<div class=\"elementor-element elementor-element-f7c83b1 elementor-align-center elementor-widget elementor-widget-button\" data-id=\"f7c83b1\" data-element_type=\"widget\" data-widget_type=\"button.default\">\n\t\t\t\t<div class=\"elementor-widget-container\">\n\t\t\t\t\t\t\t\t\t<div class=\"elementor-button-wrapper\">\n\t\t\t\t\t<a class=\"elementor-button elementor-button-link elementor-size-sm\" href=\"https:\/\/api.whatsapp.com\/send?phone=966535866234&#038;text=%D9%85%D8%B1%D8%AD%D8%A8%D8%A7%20%D9%83%D9%8A%D8%AF%D8%B2%20%D8%B3%D8%AA%D9%8A%D8%B4%D9%86%D8%B3%D8%8C%D8%8C%D9%88%D8%AF%D9%8A%20%D8%A3%D8%B3%D8%AA%D9%81%D8%B3%D8%B1%20%D8%A3%D9%83%D8%AB%D8%B1%20%D8%B9%D9%86%20%D8%AE%D8%AF%D9%85%D8%A7%D8%AA%D9%83%D9%85\">\n\t\t\t\t\t\t<span class=\"elementor-button-content-wrapper\">\n\t\t\t\t\t\t\t\t\t<span class=\"elementor-button-text\">Click Here For More Info<\/span>\n\t\t\t\t\t<\/span>\n\t\t\t\t\t<\/a>\n\t\t\t\t<\/div>\n\t\t\t\t\t\t\t\t<\/div>\n\t\t\t\t<\/div>\n\t\t\t\t<\/div>\n\t\t<div class=\"elementor-element elementor-element-e65d70d e-con-full e-flex e-con e-child\" data-id=\"e65d70d\" data-element_type=\"container\" data-settings=\"{&quot;jet_parallax_layout_list&quot;:[]}\">\n\t\t\t\t<div class=\"elementor-element elementor-element-9738a01 elementor-widget elementor-widget-image\" data-id=\"9738a01\" data-element_type=\"widget\" data-widget_type=\"image.default\">\n\t\t\t\t<div class=\"elementor-widget-container\">\n\t\t\t\t\t\t\t\t\t\t\t\t\t\t\t<img loading=\"lazy\" decoding=\"async\" width=\"750\" height=\"750\" src=\"https:\/\/kidzstations.com\/wp-content\/uploads\/2024\/04\/Ice-cream-kidz.webp\" class=\"attachment-large size-large wp-image-12742\" alt=\"\" srcset=\"https:\/\/kidzstations.com\/wp-content\/uploads\/2024\/04\/Ice-cream-kidz.webp 750w, https:\/\/kidzstations.com\/wp-content\/uploads\/2024\/04\/Ice-cream-kidz-300x300.webp 300w, https:\/\/kidzstations.com\/wp-content\/uploads\/2024\/04\/Ice-cream-kidz-150x150.webp 150w, https:\/\/kidzstations.com\/wp-content\/uploads\/2024\/04\/Ice-cream-kidz-12x12.webp 12w, https:\/\/kidzstations.com\/wp-content\/uploads\/2024\/04\/Ice-cream-kidz-600x600.webp 600w, https:\/\/kidzstations.com\/wp-content\/uploads\/2024\/04\/Ice-cream-kidz-100x100.webp 100w\" sizes=\"(max-width: 750px) 100vw, 750px\" \/>\t\t\t\t\t\t\t\t\t\t\t\t\t\t\t<\/div>\n\t\t\t\t<\/div>\n\t\t\t\t<div class=\"elementor-element elementor-element-77d1ba0 elementor-widget elementor-widget-heading\" data-id=\"77d1ba0\" data-element_type=\"widget\" data-widget_type=\"heading.default\">\n\t\t\t\t<div class=\"elementor-widget-container\">\n\t\t\t\t\t<h2 class=\"elementor-heading-title elementor-size-default\">\u00d8\u00a3\u00d9\u201e\u00d8\u00a9 \u00d8\u00a7\u00d9\u201e\u00d8\u00a2\u00d9\u0160\u00d8\u00b3\u00d9\u0192\u00d8\u00b1\u00d9\u0160\u00d9\u2026<\/h2>\t\t\t\t<\/div>\n\t\t\t\t<\/div>\n\t\t\t\t<div class=\"elementor-element elementor-element-b35e9aa elementor-widget elementor-widget-heading\" data-id=\"b35e9aa\" data-element_type=\"widget\" data-widget_type=\"heading.default\">\n\t\t\t\t<div class=\"elementor-widget-container\">\n\t\t\t\t\t<h2 class=\"elementor-heading-title elementor-size-default\">Serves 25 Person<\/h2>\t\t\t\t<\/div>\n\t\t\t\t<\/div>\n\t\t\t\t<div class=\"elementor-element elementor-element-67d1c34 elementor-widget elementor-widget-text-editor\" data-id=\"67d1c34\" data-element_type=\"widget\" data-widget_type=\"text-editor.default\">\n\t\t\t\t<div class=\"elementor-widget-container\">\n\t\t\t\t\t\t\t\t\t<p><strong>Extra 25 Biscuits : RS 188<\/strong><\/p>\t\t\t\t\t\t\t\t<\/div>\n\t\t\t\t<\/div>\n\t\t\t\t<div class=\"elementor-element elementor-element-614d956 elementor-widget elementor-widget-heading\" data-id=\"614d956\" data-element_type=\"widget\" data-widget_type=\"heading.default\">\n\t\t\t\t<div class=\"elementor-widget-container\">\n\t\t\t\t\t<h2 class=\"elementor-heading-title elementor-size-default\">SAR 459<\/h2>\t\t\t\t<\/div>\n\t\t\t\t<\/div>\n\t\t\t\t<div class=\"elementor-element elementor-element-2c4d5e5 elementor-align-center elementor-widget elementor-widget-button\" data-id=\"2c4d5e5\" data-element_type=\"widget\" data-widget_type=\"button.default\">\n\t\t\t\t<div class=\"elementor-widget-container\">\n\t\t\t\t\t\t\t\t\t<div class=\"elementor-button-wrapper\">\n\t\t\t\t\t<a class=\"elementor-button elementor-button-link elementor-size-sm\" href=\"https:\/\/api.whatsapp.com\/send?phone=966535866234&#038;text=%D9%85%D8%B1%D8%AD%D8%A8%D8%A7%20%D9%83%D9%8A%D8%AF%D8%B2%20%D8%B3%D8%AA%D9%8A%D8%B4%D9%86%D8%B3%D8%8C%D8%8C%D9%88%D8%AF%D9%8A%20%D8%A3%D8%B3%D8%AA%D9%81%D8%B3%D8%B1%20%D8%A3%D9%83%D8%AB%D8%B1%20%D8%B9%D9%86%20%D8%AE%D8%AF%D9%85%D8%A7%D8%AA%D9%83%D9%85\">\n\t\t\t\t\t\t<span class=\"elementor-button-content-wrapper\">\n\t\t\t\t\t\t\t\t\t<span class=\"elementor-button-text\">Click Here For More Info<\/span>\n\t\t\t\t\t<\/span>\n\t\t\t\t\t<\/a>\n\t\t\t\t<\/div>\n\t\t\t\t\t\t\t\t<\/div>\n\t\t\t\t<\/div>\n\t\t\t\t<\/div>\n\t\t\t\t\t<\/div>\n\t\t\t\t<\/div>\n\t\t\t\t<\/div>","protected":false},"excerpt":{"rendered":"<p>FOOD CARTS RENTAL Sweet Corn Cart Serves 25 Person Extra 25 boxes: SAR 188 SAR 459 Click Here For More Info Cotton Candy Cart Serves 25 Person Extra 25 boxes: SAR 188 SAR 459 Click Here For More Info Pop Corn Cart Serves 25 Person Extra 25 boxes: SAR 188 SAR 368 Click Here For [&hellip;]<\/p>\n","protected":false},"author":230613667,"featured_media":0,"parent":0,"menu_order":0,"comment_status":"closed","ping_status":"closed","template":"","meta":{"_joinchat":[],"footnotes":""},"class_list":["post-9905","page","type-page","status-publish","hentry"],"blocksy_meta":[],"_links":{"self":[{"href":"https:\/\/kidzstations.com\/ar\/wp-json\/wp\/v2\/pages\/9905","targetHints":{"allow":["GET"]}}],"collection":[{"href":"https:\/\/kidzstations.com\/ar\/wp-json\/wp\/v2\/pages"}],"about":[{"href":"https:\/\/kidzstations.com\/ar\/wp-json\/wp\/v2\/types\/page"}],"author":[{"embeddable":true,"href":"https:\/\/kidzstations.com\/ar\/wp-json\/wp\/v2\/users\/230613667"}],"replies":[{"embeddable":true,"href":"https:\/\/kidzstations.com\/ar\/wp-json\/wp\/v2\/comments?post=9905"}],"version-history":[{"count":0,"href":"https:\/\/kidzstations.com\/ar\/wp-json\/wp\/v2\/pages\/9905\/revisions"}],"wp:attachment":[{"href":"https:\/\/kidzstations.com\/ar\/wp-json\/wp\/v2\/media?parent=9905"}],"curies":[{"name":"wp","href":"https:\/\/api.w.org\/{rel}","templated":true}]}}