{"id":10513,"date":"2023-07-19T13:57:40","date_gmt":"2023-07-19T13:57:40","guid":{"rendered":"https:\/\/kidzstations.net\/?page_id=10513"},"modified":"2024-04-24T18:39:37","modified_gmt":"2024-04-24T15:39:37","slug":"electronic-games","status":"publish","type":"page","link":"https:\/\/kidzstations.com\/ar\/electronic-games\/","title":{"rendered":"ELECTRONIC GAMES"},"content":{"rendered":"<div data-elementor-type=\"wp-page\" data-elementor-id=\"10513\" class=\"elementor elementor-10513\" data-elementor-post-type=\"page\">\n\t\t\t\t<div class=\"elementor-element elementor-element-7219002 e-flex e-con-boxed e-con e-parent\" data-id=\"7219002\" data-element_type=\"container\" data-settings=\"{&quot;jet_parallax_layout_list&quot;:[]}\">\n\t\t\t\t\t<div class=\"e-con-inner\">\n\t\t\t\t<div class=\"elementor-element elementor-element-7e3ffa2 elementor-widget elementor-widget-heading\" data-id=\"7e3ffa2\" data-element_type=\"widget\" data-widget_type=\"heading.default\">\n\t\t\t\t<div class=\"elementor-widget-container\">\n\t\t\t\t\t<h2 class=\"elementor-heading-title elementor-size-default\">SOON \u2026<br>\n\u00d8\u00b9\u00d9\u201e\u00d9\u2030 \u00d9\u0192\u00d9\u0160\u00d8\u00af\u00d8\u00b2 \u00d8\u00b3\u00d8\u00aa\u00d9\u0160\u00d8\u00b4\u00d9\u2020\u00d8\u00b3<\/h2>\t\t\t\t<\/div>\n\t\t\t\t<\/div>\n\t\t\t\t\t<\/div>\n\t\t\t\t<\/div>\n\t\t\t\t<\/div>","protected":false},"excerpt":{"rendered":"<p>SOON \u2026 IN KIDZ STATIONS<\/p>","protected":false},"author":230613667,"featured_media":0,"parent":0,"menu_order":0,"comment_status":"closed","ping_status":"closed","template":"","meta":{"_joinchat":[],"footnotes":""},"class_list":["post-10513","page","type-page","status-publish","hentry"],"blocksy_meta":[],"_links":{"self":[{"href":"https:\/\/kidzstations.com\/ar\/wp-json\/wp\/v2\/pages\/10513","targetHints":{"allow":["GET"]}}],"collection":[{"href":"https:\/\/kidzstations.com\/ar\/wp-json\/wp\/v2\/pages"}],"about":[{"href":"https:\/\/kidzstations.com\/ar\/wp-json\/wp\/v2\/types\/page"}],"author":[{"embeddable":true,"href":"https:\/\/kidzstations.com\/ar\/wp-json\/wp\/v2\/users\/230613667"}],"replies":[{"embeddable":true,"href":"https:\/\/kidzstations.com\/ar\/wp-json\/wp\/v2\/comments?post=10513"}],"version-history":[{"count":0,"href":"https:\/\/kidzstations.com\/ar\/wp-json\/wp\/v2\/pages\/10513\/revisions"}],"wp:attachment":[{"href":"https:\/\/kidzstations.com\/ar\/wp-json\/wp\/v2\/media?parent=10513"}],"curies":[{"name":"wp","href":"https:\/\/api.w.org\/{rel}","templated":true}]}}