{"id":10510,"date":"2023-07-19T13:51:13","date_gmt":"2023-07-19T10:51:13","guid":{"rendered":"https:\/\/kidzstations.net\/?page_id=10510"},"modified":"2024-04-24T18:33:56","modified_gmt":"2024-04-24T15:33:56","slug":"bouncers","status":"publish","type":"page","link":"https:\/\/kidzstations.com\/ar\/bouncers\/","title":{"rendered":"\u00d8\u00a7\u00d9\u201e\u00d9\u2020\u00d8\u00b7\u00d9\u0160\u00d8\u00b7\u00d8\u00a7\u00d8\u00aa"},"content":{"rendered":"<div data-elementor-type=\"wp-page\" data-elementor-id=\"10510\" class=\"elementor elementor-10510\" data-elementor-post-type=\"page\">\n\t\t\t\t<div class=\"elementor-element elementor-element-16461c6 e-flex e-con-boxed e-con e-parent\" data-id=\"16461c6\" data-element_type=\"container\" data-settings=\"{&quot;jet_parallax_layout_list&quot;:[]}\">\n\t\t\t\t\t<div class=\"e-con-inner\">\n\t\t\t\t<div class=\"elementor-element elementor-element-be50265 elementor-widget elementor-widget-heading\" data-id=\"be50265\" data-element_type=\"widget\" data-widget_type=\"heading.default\">\n\t\t\t\t<div class=\"elementor-widget-container\">\n\t\t\t\t\t<h2 class=\"elementor-heading-title elementor-size-default\">\u00d9\u2020\u00d8\u00b7\u00d9\u0160\u00d8\u00b7\u00d8\u00a7\u00d8\u00aa \u00d8\u00a7\u00d9\u201e\u00d9\u201a\u00d9\u201e\u00d8\u00b9\u00d8\u00a9<\/h2>\t\t\t\t<\/div>\n\t\t\t\t<\/div>\n\t\t\t\t\t<\/div>\n\t\t\t\t<\/div>\n\t\t<div class=\"elementor-element elementor-element-1e88cf4 e-flex e-con-boxed e-con e-parent\" data-id=\"1e88cf4\" data-element_type=\"container\" data-settings=\"{&quot;jet_parallax_layout_list&quot;:[]}\">\n\t\t\t\t\t<div class=\"e-con-inner\">\n\t\t\t\t<div class=\"elementor-element elementor-element-59b8453 elementor-flip-box--effect-fade elementor-widget__width-initial elementor-widget elementor-widget-flip-box\" data-id=\"59b8453\" data-element_type=\"widget\" data-widget_type=\"flip-box.default\">\n\t\t\t\t<div class=\"elementor-widget-container\">\n\t\t\t\t\t\t\t<div class=\"elementor-flip-box\" tabindex=\"0\">\n\t\t\t<div class=\"elementor-flip-box__layer elementor-flip-box__front\">\n\t\t\t\t<div class=\"elementor-flip-box__layer__overlay\">\n\t\t\t\t\t<div class=\"elementor-flip-box__layer__inner\">\n\t\t\t\t\t\t\t\t\t\t\t\t\t<div class=\"elementor-icon-wrapper elementor-view-default\">\n\t\t\t\t\t\t\t\t<div class=\"elementor-icon\">\n\t\t\t\t\t\t\t\t\t\t\t\t\t\t\t\t\t<\/div>\n\t\t\t\t\t\t\t<\/div>\n\t\t\t\t\t\t\n\t\t\t\t\t\t\n\t\t\t\t\t\t\t\t\t\t\t<\/div>\n\t\t\t\t<\/div>\n\t\t\t<\/div>\n\t\t\t<div class=\"elementor-flip-box__layer elementor-flip-box__back\">\n\t\t\t<div class=\"elementor-flip-box__layer__overlay\">\n\t\t\t\t<div class=\"elementor-flip-box__layer__inner\">\n\t\t\t\t\t\t\t\t\t\t\t<h3 class=\"elementor-flip-box__layer__title\">\n\t\t\t\t\t\t\t450 \u00d8\u00b1\u00d9\u0160\u00d8\u00a7\u00d9\u201e\t\t\t\t\t\t<\/h3>\n\t\t\t\t\t\n\t\t\t\t\t\t\t\t\t\t\t<div class=\"elementor-flip-box__layer__description\">\n\t\t\t\t\t\t\t\u00d8\u00a7\u00d9\u201e\u00d8\u00ad\u00d8\u00ac\u00d9\u2026: 4\u00d9\u2026 * 4\u00d9\u2026<br>\n\u00d9\u2026\u00d8\u00af\u00d8\u00a9 \u00d8\u00a7\u00d9\u201e\u00d8\u00aa\u00d8\u00a3\u00d8\u00ac\u00d9\u0160\u00d8\u00b1 : 6 \u00d8\u00b3\u00d8\u00a7\u00d8\u00b9\u00d8\u00a7\u00d8\u00aa\t\t\t\t\t\t<\/div>\n\t\t\t\t\t\n\t\t\t\t\t\t\t\t\t\t\t<a class=\"elementor-flip-box__button elementor-button elementor-size-sm\">\n\t\t\t\t\t\t\t\u0627\u062a\u0635\u0644 \u0628\u0646\u0627\t\t\t\t\t\t<\/a>\n\t\t\t\t\t\t\t\t<\/div>\n\t\t<\/div>\n\t\t<\/div>\n\t\t<\/div>\n\t\t\t\t\t\t<\/div>\n\t\t\t\t<\/div>\n\t\t\t\t<div class=\"elementor-element elementor-element-b09bc69 elementor-flip-box--effect-fade elementor-widget__width-initial elementor-widget elementor-widget-flip-box\" data-id=\"b09bc69\" data-element_type=\"widget\" data-widget_type=\"flip-box.default\">\n\t\t\t\t<div class=\"elementor-widget-container\">\n\t\t\t\t\t\t\t<div class=\"elementor-flip-box\" tabindex=\"0\">\n\t\t\t<div class=\"elementor-flip-box__layer elementor-flip-box__front\">\n\t\t\t\t<div class=\"elementor-flip-box__layer__overlay\">\n\t\t\t\t\t<div class=\"elementor-flip-box__layer__inner\">\n\t\t\t\t\t\t\t\t\t\t\t\t\t<div class=\"elementor-icon-wrapper elementor-view-default\">\n\t\t\t\t\t\t\t\t<div class=\"elementor-icon\">\n\t\t\t\t\t\t\t\t\t\t\t\t\t\t\t\t\t<\/div>\n\t\t\t\t\t\t\t<\/div>\n\t\t\t\t\t\t\n\t\t\t\t\t\t\n\t\t\t\t\t\t\t\t\t\t\t<\/div>\n\t\t\t\t<\/div>\n\t\t\t<\/div>\n\t\t\t<div class=\"elementor-flip-box__layer elementor-flip-box__back\">\n\t\t\t<div class=\"elementor-flip-box__layer__overlay\">\n\t\t\t\t<div class=\"elementor-flip-box__layer__inner\">\n\t\t\t\t\t\t\t\t\t\t\t<h3 class=\"elementor-flip-box__layer__title\">\n\t\t\t\t\t\t\t640 \u00d8\u00b1\u00d9\u0160\u00d8\u00a7\u00d9\u201e\t\t\t\t\t\t<\/h3>\n\t\t\t\t\t\n\t\t\t\t\t\t\t\t\t\t\t<div class=\"elementor-flip-box__layer__description\">\n\t\t\t\t\t\t\t\u00d8\u00a7\u00d9\u201e\u00d8\u00ad\u00d8\u00ac\u00d9\u2026: 7\u00d9\u2026 * 6\u00d9\u2026<br>\n\n\n\u00d9\u2026\u00d8\u00af\u00d8\u00a9 \u00d8\u00a7\u00d9\u201e\u00d8\u00aa\u00d8\u00a3\u00d8\u00ac\u00d9\u0160\u00d8\u00b1 : 6 \u00d8\u00b3\u00d8\u00a7\u00d8\u00b9\u00d8\u00a7\u00d8\u00aa\t\t\t\t\t\t<\/div>\n\t\t\t\t\t\n\t\t\t\t\t\t\t\t\t\t\t<a class=\"elementor-flip-box__button elementor-button elementor-size-sm\">\n\t\t\t\t\t\t\t\u0627\u062a\u0635\u0644 \u0628\u0646\u0627\t\t\t\t\t\t<\/a>\n\t\t\t\t\t\t\t\t<\/div>\n\t\t<\/div>\n\t\t<\/div>\n\t\t<\/div>\n\t\t\t\t\t\t<\/div>\n\t\t\t\t<\/div>\n\t\t\t\t<div class=\"elementor-element elementor-element-d9ffc6f elementor-flip-box--effect-fade elementor-widget__width-initial elementor-widget elementor-widget-flip-box\" data-id=\"d9ffc6f\" data-element_type=\"widget\" data-widget_type=\"flip-box.default\">\n\t\t\t\t<div class=\"elementor-widget-container\">\n\t\t\t\t\t\t\t<div class=\"elementor-flip-box\" tabindex=\"0\">\n\t\t\t<div class=\"elementor-flip-box__layer elementor-flip-box__front\">\n\t\t\t\t<div class=\"elementor-flip-box__layer__overlay\">\n\t\t\t\t\t<div class=\"elementor-flip-box__layer__inner\">\n\t\t\t\t\t\t\t\t\t\t\t\t\t<div class=\"elementor-icon-wrapper elementor-view-default\">\n\t\t\t\t\t\t\t\t<div class=\"elementor-icon\">\n\t\t\t\t\t\t\t\t\t\t\t\t\t\t\t\t\t<\/div>\n\t\t\t\t\t\t\t<\/div>\n\t\t\t\t\t\t\n\t\t\t\t\t\t\n\t\t\t\t\t\t\t\t\t\t\t<\/div>\n\t\t\t\t<\/div>\n\t\t\t<\/div>\n\t\t\t<div class=\"elementor-flip-box__layer elementor-flip-box__back\">\n\t\t\t<div class=\"elementor-flip-box__layer__overlay\">\n\t\t\t\t<div class=\"elementor-flip-box__layer__inner\">\n\t\t\t\t\t\t\t\t\t\t\t<h3 class=\"elementor-flip-box__layer__title\">\n\t\t\t\t\t\t\t450 \u00d8\u00b1\u00d9\u0160\u00d8\u00a7\u00d9\u201e\t\t\t\t\t\t<\/h3>\n\t\t\t\t\t\n\t\t\t\t\t\t\t\t\t\t\t<div class=\"elementor-flip-box__layer__description\">\n\t\t\t\t\t\t\t\u00d8\u00a7\u00d9\u201e\u00d8\u00ad\u00d8\u00ac\u00d9\u2026: 4\u00d9\u2026 * 4\u00d9\u2026<br>\n\u00d9\u2026\u00d8\u00af\u00d8\u00a9 \u00d8\u00a7\u00d9\u201e\u00d8\u00aa\u00d8\u00a3\u00d8\u00ac\u00d9\u0160\u00d8\u00b1 : 6 \u00d8\u00b3\u00d8\u00a7\u00d8\u00b9\u00d8\u00a7\u00d8\u00aa\t\t\t\t\t\t<\/div>\n\t\t\t\t\t\n\t\t\t\t\t\t\t\t\t\t\t<a class=\"elementor-flip-box__button elementor-button elementor-size-sm\">\n\t\t\t\t\t\t\t\u0627\u062a\u0635\u0644 \u0628\u0646\u0627\t\t\t\t\t\t<\/a>\n\t\t\t\t\t\t\t\t<\/div>\n\t\t<\/div>\n\t\t<\/div>\n\t\t<\/div>\n\t\t\t\t\t\t<\/div>\n\t\t\t\t<\/div>\n\t\t\t\t<div class=\"elementor-element elementor-element-49a6c1f elementor-flip-box--effect-fade elementor-widget__width-initial elementor-widget elementor-widget-flip-box\" data-id=\"49a6c1f\" data-element_type=\"widget\" data-widget_type=\"flip-box.default\">\n\t\t\t\t<div class=\"elementor-widget-container\">\n\t\t\t\t\t\t\t<div class=\"elementor-flip-box\" tabindex=\"0\">\n\t\t\t<div class=\"elementor-flip-box__layer elementor-flip-box__front\">\n\t\t\t\t<div class=\"elementor-flip-box__layer__overlay\">\n\t\t\t\t\t<div class=\"elementor-flip-box__layer__inner\">\n\t\t\t\t\t\t\t\t\t\t\t\t\t<div class=\"elementor-icon-wrapper elementor-view-default\">\n\t\t\t\t\t\t\t\t<div class=\"elementor-icon\">\n\t\t\t\t\t\t\t\t\t\t\t\t\t\t\t\t\t<\/div>\n\t\t\t\t\t\t\t<\/div>\n\t\t\t\t\t\t\n\t\t\t\t\t\t\n\t\t\t\t\t\t\t\t\t\t\t<\/div>\n\t\t\t\t<\/div>\n\t\t\t<\/div>\n\t\t\t<div class=\"elementor-flip-box__layer elementor-flip-box__back\">\n\t\t\t<div class=\"elementor-flip-box__layer__overlay\">\n\t\t\t\t<div class=\"elementor-flip-box__layer__inner\">\n\t\t\t\t\t\t\t\t\t\t\t<h3 class=\"elementor-flip-box__layer__title\">\n\t\t\t\t\t\t\t450 \u00d8\u00b1\u00d9\u0160\u00d8\u00a7\u00d9\u201e\t\t\t\t\t\t<\/h3>\n\t\t\t\t\t\n\t\t\t\t\t\t\t\t\t\t\t<div class=\"elementor-flip-box__layer__description\">\n\t\t\t\t\t\t\t\u00d8\u00a7\u00d9\u201e\u00d8\u00ad\u00d8\u00ac\u00d9\u2026: 4\u00d9\u2026 * 4\u00d9\u2026<br>\n\u00d9\u2026\u00d8\u00af\u00d8\u00a9 \u00d8\u00a7\u00d9\u201e\u00d8\u00aa\u00d8\u00a3\u00d8\u00ac\u00d9\u0160\u00d8\u00b1 : 6 \u00d8\u00b3\u00d8\u00a7\u00d8\u00b9\u00d8\u00a7\u00d8\u00aa\t\t\t\t\t\t<\/div>\n\t\t\t\t\t\n\t\t\t\t\t\t\t\t\t\t\t<a class=\"elementor-flip-box__button elementor-button elementor-size-sm\">\n\t\t\t\t\t\t\t\u0627\u062a\u0635\u0644 \u0628\u0646\u0627\t\t\t\t\t\t<\/a>\n\t\t\t\t\t\t\t\t<\/div>\n\t\t<\/div>\n\t\t<\/div>\n\t\t<\/div>\n\t\t\t\t\t\t<\/div>\n\t\t\t\t<\/div>\n\t\t\t\t<div class=\"elementor-element elementor-element-9a54fd3 elementor-flip-box--effect-fade elementor-widget__width-initial elementor-widget elementor-widget-flip-box\" data-id=\"9a54fd3\" data-element_type=\"widget\" data-widget_type=\"flip-box.default\">\n\t\t\t\t<div class=\"elementor-widget-container\">\n\t\t\t\t\t\t\t<div class=\"elementor-flip-box\" tabindex=\"0\">\n\t\t\t<div class=\"elementor-flip-box__layer elementor-flip-box__front\">\n\t\t\t\t<div class=\"elementor-flip-box__layer__overlay\">\n\t\t\t\t\t<div class=\"elementor-flip-box__layer__inner\">\n\t\t\t\t\t\t\t\t\t\t\t\t\t<div class=\"elementor-icon-wrapper elementor-view-default\">\n\t\t\t\t\t\t\t\t<div class=\"elementor-icon\">\n\t\t\t\t\t\t\t\t\t\t\t\t\t\t\t\t\t<\/div>\n\t\t\t\t\t\t\t<\/div>\n\t\t\t\t\t\t\n\t\t\t\t\t\t\n\t\t\t\t\t\t\t\t\t\t\t<\/div>\n\t\t\t\t<\/div>\n\t\t\t<\/div>\n\t\t\t<div class=\"elementor-flip-box__layer elementor-flip-box__back\">\n\t\t\t<div class=\"elementor-flip-box__layer__overlay\">\n\t\t\t\t<div class=\"elementor-flip-box__layer__inner\">\n\t\t\t\t\t\t\t\t\t\t\t<h3 class=\"elementor-flip-box__layer__title\">\n\t\t\t\t\t\t\t450 \u00d8\u00b1\u00d9\u0160\u00d8\u00a7\u00d9\u201e\t\t\t\t\t\t<\/h3>\n\t\t\t\t\t\n\t\t\t\t\t\t\t\t\t\t\t<div class=\"elementor-flip-box__layer__description\">\n\t\t\t\t\t\t\t\u00d8\u00a7\u00d9\u201e\u00d8\u00ad\u00d8\u00ac\u00d9\u2026: 4\u00d9\u2026 * 4\u00d9\u2026<br>\n\u00d9\u2026\u00d8\u00af\u00d8\u00a9 \u00d8\u00a7\u00d9\u201e\u00d8\u00aa\u00d8\u00a3\u00d8\u00ac\u00d9\u0160\u00d8\u00b1 : 6 \u00d8\u00b3\u00d8\u00a7\u00d8\u00b9\u00d8\u00a7\u00d8\u00aa\t\t\t\t\t\t<\/div>\n\t\t\t\t\t\n\t\t\t\t\t\t\t\t\t\t\t<a class=\"elementor-flip-box__button elementor-button elementor-size-sm\">\n\t\t\t\t\t\t\t\u0627\u062a\u0635\u0644 \u0628\u0646\u0627\t\t\t\t\t\t<\/a>\n\t\t\t\t\t\t\t\t<\/div>\n\t\t<\/div>\n\t\t<\/div>\n\t\t<\/div>\n\t\t\t\t\t\t<\/div>\n\t\t\t\t<\/div>\n\t\t\t\t<div class=\"elementor-element elementor-element-8a6ad59 elementor-flip-box--effect-fade elementor-widget__width-initial elementor-widget elementor-widget-flip-box\" data-id=\"8a6ad59\" data-element_type=\"widget\" data-widget_type=\"flip-box.default\">\n\t\t\t\t<div class=\"elementor-widget-container\">\n\t\t\t\t\t\t\t<div class=\"elementor-flip-box\" tabindex=\"0\">\n\t\t\t<div class=\"elementor-flip-box__layer elementor-flip-box__front\">\n\t\t\t\t<div class=\"elementor-flip-box__layer__overlay\">\n\t\t\t\t\t<div class=\"elementor-flip-box__layer__inner\">\n\t\t\t\t\t\t\t\t\t\t\t\t\t<div class=\"elementor-icon-wrapper elementor-view-default\">\n\t\t\t\t\t\t\t\t<div class=\"elementor-icon\">\n\t\t\t\t\t\t\t\t\t\t\t\t\t\t\t\t\t<\/div>\n\t\t\t\t\t\t\t<\/div>\n\t\t\t\t\t\t\n\t\t\t\t\t\t\n\t\t\t\t\t\t\t\t\t\t\t<\/div>\n\t\t\t\t<\/div>\n\t\t\t<\/div>\n\t\t\t<div class=\"elementor-flip-box__layer elementor-flip-box__back\">\n\t\t\t<div class=\"elementor-flip-box__layer__overlay\">\n\t\t\t\t<div class=\"elementor-flip-box__layer__inner\">\n\t\t\t\t\t\t\t\t\t\t\t<h3 class=\"elementor-flip-box__layer__title\">\n\t\t\t\t\t\t\t450 \u00d8\u00b1\u00d9\u0160\u00d8\u00a7\u00d9\u201e\t\t\t\t\t\t<\/h3>\n\t\t\t\t\t\n\t\t\t\t\t\t\t\t\t\t\t<div class=\"elementor-flip-box__layer__description\">\n\t\t\t\t\t\t\t\u00d8\u00a7\u00d9\u201e\u00d8\u00ad\u00d8\u00ac\u00d9\u2026: 4\u00d9\u2026 * 4\u00d9\u2026<br>\n\u00d9\u2026\u00d8\u00af\u00d8\u00a9 \u00d8\u00a7\u00d9\u201e\u00d8\u00aa\u00d8\u00a3\u00d8\u00ac\u00d9\u0160\u00d8\u00b1 : 6 \u00d8\u00b3\u00d8\u00a7\u00d8\u00b9\u00d8\u00a7\u00d8\u00aa\t\t\t\t\t\t<\/div>\n\t\t\t\t\t\n\t\t\t\t\t\t\t\t\t\t\t<a class=\"elementor-flip-box__button elementor-button elementor-size-sm\">\n\t\t\t\t\t\t\t\u0627\u062a\u0635\u0644 \u0628\u0646\u0627\t\t\t\t\t\t<\/a>\n\t\t\t\t\t\t\t\t<\/div>\n\t\t<\/div>\n\t\t<\/div>\n\t\t<\/div>\n\t\t\t\t\t\t<\/div>\n\t\t\t\t<\/div>\n\t\t\t\t\t<\/div>\n\t\t\t\t<\/div>\n\t\t\t\t<\/div>","protected":false},"excerpt":{"rendered":"<p>CASTLE BOUNCY RS 450 Size: 4m X 4m Renat Period: 6 hrs CONTACT US RS 640 Size: 7m X 6m Renat Period: 6 hrs CONTACT US RS 450 Size: 4m X 4m Renat Period: 6 hrs CONTACT US RS 450 Size: 4m X 4m Renat Period: 6 hrs CONTACT US RS 450 Size: 4m X [&hellip;]<\/p>\n","protected":false},"author":230613667,"featured_media":0,"parent":0,"menu_order":0,"comment_status":"closed","ping_status":"closed","template":"","meta":{"_joinchat":[],"footnotes":""},"class_list":["post-10510","page","type-page","status-publish","hentry"],"blocksy_meta":[],"_links":{"self":[{"href":"https:\/\/kidzstations.com\/ar\/wp-json\/wp\/v2\/pages\/10510","targetHints":{"allow":["GET"]}}],"collection":[{"href":"https:\/\/kidzstations.com\/ar\/wp-json\/wp\/v2\/pages"}],"about":[{"href":"https:\/\/kidzstations.com\/ar\/wp-json\/wp\/v2\/types\/page"}],"author":[{"embeddable":true,"href":"https:\/\/kidzstations.com\/ar\/wp-json\/wp\/v2\/users\/230613667"}],"replies":[{"embeddable":true,"href":"https:\/\/kidzstations.com\/ar\/wp-json\/wp\/v2\/comments?post=10510"}],"version-history":[{"count":0,"href":"https:\/\/kidzstations.com\/ar\/wp-json\/wp\/v2\/pages\/10510\/revisions"}],"wp:attachment":[{"href":"https:\/\/kidzstations.com\/ar\/wp-json\/wp\/v2\/media?parent=10510"}],"curies":[{"name":"wp","href":"https:\/\/api.w.org\/{rel}","templated":true}]}}