{"id":10424,"date":"2023-07-19T07:46:40","date_gmt":"2023-07-19T04:46:40","guid":{"rendered":"https:\/\/kidzstations.net\/?page_id=10424"},"modified":"2024-04-25T21:49:14","modified_gmt":"2024-04-25T18:49:14","slug":"funny-inflatables","status":"publish","type":"page","link":"https:\/\/kidzstations.com\/ar\/funny-inflatables\/","title":{"rendered":"\u00d8\u00a3\u00d9\u201e\u00d8\u00b9\u00d8\u00a7\u00d8\u00a8 \u00d8\u00a7\u00d9\u201e\u00d9\u2026\u00d8\u00b1\u00d8\u00ad \u00d8\u00a7\u00d9\u201e\u00d9\u2021\u00d9\u02c6\u00d8\u00a7\u00d8\u00a6\u00d9\u0160\u00d8\u00a9"},"content":{"rendered":"<div data-elementor-type=\"wp-page\" data-elementor-id=\"10424\" class=\"elementor elementor-10424\" data-elementor-post-type=\"page\">\n\t\t\t\t<div class=\"elementor-element elementor-element-0034314 e-flex e-con-boxed e-con e-parent\" data-id=\"0034314\" data-element_type=\"container\" data-settings=\"{&quot;jet_parallax_layout_list&quot;:[]}\">\n\t\t\t\t\t<div class=\"e-con-inner\">\n\t\t<div class=\"elementor-element elementor-element-a4f4af3 e-flex e-con-boxed e-con e-child\" data-id=\"a4f4af3\" data-element_type=\"container\" data-settings=\"{&quot;jet_parallax_layout_list&quot;:[]}\">\n\t\t\t\t\t<div class=\"e-con-inner\">\n\t\t\t\t<div class=\"elementor-element elementor-element-13cb336 elementor-widget elementor-widget-heading\" data-id=\"13cb336\" data-element_type=\"widget\" data-widget_type=\"heading.default\">\n\t\t\t\t<div class=\"elementor-widget-container\">\n\t\t\t\t\t<h2 class=\"elementor-heading-title elementor-size-default\">\u00d8\u00a3\u00d9\u201e\u00d8\u00b9\u00d8\u00a7\u00d8\u00a8 \u00d8\u00a7\u00d9\u201e\u00d9\u2026\u00d8\u00b1\u00d8\u00ad \u00d8\u00a7\u00d9\u201e\u00d9\u2021\u00d9\u02c6\u00d8\u00a7\u00d8\u00a6\u00d9\u0160\u00d8\u00a9<\/h2>\t\t\t\t<\/div>\n\t\t\t\t<\/div>\n\t\t\t\t\t<\/div>\n\t\t\t\t<\/div>\n\t\t\t\t\t<\/div>\n\t\t\t\t<\/div>\n\t\t<div class=\"elementor-element elementor-element-40a2eed e-grid e-con-boxed e-con e-parent\" data-id=\"40a2eed\" data-element_type=\"container\" data-settings=\"{&quot;jet_parallax_layout_list&quot;:[]}\">\n\t\t\t\t\t<div class=\"e-con-inner\">\n\t\t\t\t<div class=\"elementor-element elementor-element-5330347 elementor-flip-box--effect-fade elementor-widget elementor-widget-flip-box\" data-id=\"5330347\" data-element_type=\"widget\" data-widget_type=\"flip-box.default\">\n\t\t\t\t<div class=\"elementor-widget-container\">\n\t\t\t\t\t\t\t<div class=\"elementor-flip-box\" tabindex=\"0\">\n\t\t\t<div class=\"elementor-flip-box__layer elementor-flip-box__front\">\n\t\t\t\t<div class=\"elementor-flip-box__layer__overlay\">\n\t\t\t\t\t<div class=\"elementor-flip-box__layer__inner\">\n\t\t\t\t\t\t\n\t\t\t\t\t\t\n\t\t\t\t\t\t\t\t\t\t\t<\/div>\n\t\t\t\t<\/div>\n\t\t\t<\/div>\n\t\t\t<a class=\"elementor-flip-box__layer elementor-flip-box__back\" href=\"https:\/\/wa.link\/gi7hfm\" target=\"_blank\">\n\t\t\t<div class=\"elementor-flip-box__layer__overlay\">\n\t\t\t\t<div class=\"elementor-flip-box__layer__inner\">\n\t\t\t\t\t\t\t\t\t\t\t<h3 class=\"elementor-flip-box__layer__title\">\n\t\t\t\t\t\t\t980 \u00d8\u00b1\u00d9\u0160\u00d8\u00a7\u00d9\u201e\t\t\t\t\t\t<\/h3>\n\t\t\t\t\t\n\t\t\t\t\t\t\t\t\t\t\t<div class=\"elementor-flip-box__layer__description\">\n\t\t\t\t\t\t\t\u00d8\u00a7\u00d9\u201e\u00d8\u00ad\u00d8\u00ac\u00d9\u2026: 6\u00d9\u2026 * 6\u00d9\u2026<br>\n\n\u00d9\u2026\u00d8\u00af\u00d8\u00a9 \u00d8\u00a7\u00d9\u201e\u00d8\u00aa\u00d8\u00a3\u00d8\u00ac\u00d9\u0160\u00d8\u00b1 : 6 \u00d8\u00b3\u00d8\u00a7\u00d8\u00b9\u00d8\u00a7\u00d8\u00aa\t\t\t\t\t\t<\/div>\n\t\t\t\t\t\n\t\t\t\t\t\t\t\t\t\t\t<span class=\"elementor-flip-box__button elementor-button elementor-size-sm\">\n\t\t\t\t\t\t\t\u0627\u062a\u0635\u0644 \u0628\u0646\u0627\t\t\t\t\t\t<\/span>\n\t\t\t\t\t\t\t\t<\/div>\n\t\t<\/div>\n\t\t<\/a>\n\t\t<\/div>\n\t\t\t\t\t\t<\/div>\n\t\t\t\t<\/div>\n\t\t\t\t<div class=\"elementor-element elementor-element-f5b83bc elementor-flip-box--effect-fade elementor-widget elementor-widget-flip-box\" data-id=\"f5b83bc\" data-element_type=\"widget\" data-widget_type=\"flip-box.default\">\n\t\t\t\t<div class=\"elementor-widget-container\">\n\t\t\t\t\t\t\t<div class=\"elementor-flip-box\" tabindex=\"0\">\n\t\t\t<div class=\"elementor-flip-box__layer elementor-flip-box__front\">\n\t\t\t\t<div class=\"elementor-flip-box__layer__overlay\">\n\t\t\t\t\t<div class=\"elementor-flip-box__layer__inner\">\n\t\t\t\t\t\t\n\t\t\t\t\t\t\n\t\t\t\t\t\t\t\t\t\t\t<\/div>\n\t\t\t\t<\/div>\n\t\t\t<\/div>\n\t\t\t<a class=\"elementor-flip-box__layer elementor-flip-box__back\" href=\"https:\/\/wa.link\/gi7hfm\" target=\"_blank\">\n\t\t\t<div class=\"elementor-flip-box__layer__overlay\">\n\t\t\t\t<div class=\"elementor-flip-box__layer__inner\">\n\t\t\t\t\t\t\t\t\t\t\t<h3 class=\"elementor-flip-box__layer__title\">\n\t\t\t\t\t\t\t480 \u00d8\u00b1\u00d9\u0160\u00d8\u00a7\u00d9\u201e\t\t\t\t\t\t<\/h3>\n\t\t\t\t\t\n\t\t\t\t\t\t\t\t\t\t\t<div class=\"elementor-flip-box__layer__description\">\n\t\t\t\t\t\t\t\u00d8\u00a7\u00d9\u201e\u00d8\u00ad\u00d8\u00ac\u00d9\u2026: 5\u00d9\u2026 * 4\u00d9\u2026 <br>\n\n\n\n\u00d9\u2026\u00d8\u00af\u00d8\u00a9 \u00d8\u00a7\u00d9\u201e\u00d8\u00aa\u00d8\u00a3\u00d8\u00ac\u00d9\u0160\u00d8\u00b1 : 6 \u00d8\u00b3\u00d8\u00a7\u00d8\u00b9\u00d8\u00a7\u00d8\u00aa\t\t\t\t\t\t<\/div>\n\t\t\t\t\t\n\t\t\t\t\t\t\t\t\t\t\t<span class=\"elementor-flip-box__button elementor-button elementor-size-sm\">\n\t\t\t\t\t\t\t\u0627\u062a\u0635\u0644 \u0628\u0646\u0627\t\t\t\t\t\t<\/span>\n\t\t\t\t\t\t\t\t<\/div>\n\t\t<\/div>\n\t\t<\/a>\n\t\t<\/div>\n\t\t\t\t\t\t<\/div>\n\t\t\t\t<\/div>\n\t\t\t\t<div class=\"elementor-element elementor-element-4a5ea7d elementor-flip-box--effect-fade elementor-widget elementor-widget-flip-box\" data-id=\"4a5ea7d\" data-element_type=\"widget\" data-widget_type=\"flip-box.default\">\n\t\t\t\t<div class=\"elementor-widget-container\">\n\t\t\t\t\t\t\t<div class=\"elementor-flip-box\" tabindex=\"0\">\n\t\t\t<div class=\"elementor-flip-box__layer elementor-flip-box__front\">\n\t\t\t\t<div class=\"elementor-flip-box__layer__overlay\">\n\t\t\t\t\t<div class=\"elementor-flip-box__layer__inner\">\n\t\t\t\t\t\t\n\t\t\t\t\t\t\n\t\t\t\t\t\t\t\t\t\t\t<\/div>\n\t\t\t\t<\/div>\n\t\t\t<\/div>\n\t\t\t<a class=\"elementor-flip-box__layer elementor-flip-box__back\" href=\"https:\/\/wa.link\/gi7hfm\" target=\"_blank\">\n\t\t\t<div class=\"elementor-flip-box__layer__overlay\">\n\t\t\t\t<div class=\"elementor-flip-box__layer__inner\">\n\t\t\t\t\t\t\t\t\t\t\t<h3 class=\"elementor-flip-box__layer__title\">\n\t\t\t\t\t\t\tRS 360\t\t\t\t\t\t<\/h3>\n\t\t\t\t\t\n\t\t\t\t\t\t\t\t\t\t\t<div class=\"elementor-flip-box__layer__description\">\n\t\t\t\t\t\t\t\u00d8\u00a7\u00d9\u201e\u00d8\u00ad\u00d8\u00ac\u00d9\u2026: 2\u00d9\u2026 * 1.5\u00d9\u2026 <br>\n\n\n\n\u00d9\u2026\u00d8\u00af\u00d8\u00a9 \u00d8\u00a7\u00d9\u201e\u00d8\u00aa\u00d8\u00a3\u00d8\u00ac\u00d9\u0160\u00d8\u00b1 : 6 \u00d8\u00b3\u00d8\u00a7\u00d8\u00b9\u00d8\u00a7\u00d8\u00aa\t\t\t\t\t\t<\/div>\n\t\t\t\t\t\n\t\t\t\t\t\t\t\t\t\t\t<span class=\"elementor-flip-box__button elementor-button elementor-size-sm\">\n\t\t\t\t\t\t\t\u0627\u062a\u0635\u0644 \u0628\u0646\u0627\t\t\t\t\t\t<\/span>\n\t\t\t\t\t\t\t\t<\/div>\n\t\t<\/div>\n\t\t<\/a>\n\t\t<\/div>\n\t\t\t\t\t\t<\/div>\n\t\t\t\t<\/div>\n\t\t\t\t<div class=\"elementor-element elementor-element-6d7579a elementor-flip-box--effect-fade elementor-widget elementor-widget-flip-box\" data-id=\"6d7579a\" data-element_type=\"widget\" data-widget_type=\"flip-box.default\">\n\t\t\t\t<div class=\"elementor-widget-container\">\n\t\t\t\t\t\t\t<div class=\"elementor-flip-box\" tabindex=\"0\">\n\t\t\t<div class=\"elementor-flip-box__layer elementor-flip-box__front\">\n\t\t\t\t<div class=\"elementor-flip-box__layer__overlay\">\n\t\t\t\t\t<div class=\"elementor-flip-box__layer__inner\">\n\t\t\t\t\t\t\n\t\t\t\t\t\t\n\t\t\t\t\t\t\t\t\t\t\t<\/div>\n\t\t\t\t<\/div>\n\t\t\t<\/div>\n\t\t\t<a class=\"elementor-flip-box__layer elementor-flip-box__back\" href=\"https:\/\/wa.link\/gi7hfm\" target=\"_blank\">\n\t\t\t<div class=\"elementor-flip-box__layer__overlay\">\n\t\t\t\t<div class=\"elementor-flip-box__layer__inner\">\n\t\t\t\t\t\t\t\t\t\t\t<h3 class=\"elementor-flip-box__layer__title\">\n\t\t\t\t\t\t\tRS 560\t\t\t\t\t\t<\/h3>\n\t\t\t\t\t\n\t\t\t\t\t\t\t\t\t\t\t<div class=\"elementor-flip-box__layer__description\">\n\t\t\t\t\t\t\t\u00d8\u00a7\u00d9\u201e\u00d8\u00ad\u00d8\u00ac\u00d9\u2026: 4\u00d9\u2026 * 4\u00d9\u2026 <br>\n\n\n\n\u00d9\u2026\u00d8\u00af\u00d8\u00a9 \u00d8\u00a7\u00d9\u201e\u00d8\u00aa\u00d8\u00a3\u00d8\u00ac\u00d9\u0160\u00d8\u00b1 : 6 \u00d8\u00b3\u00d8\u00a7\u00d8\u00b9\u00d8\u00a7\u00d8\u00aa\t\t\t\t\t\t<\/div>\n\t\t\t\t\t\n\t\t\t\t\t\t\t\t\t\t\t<span class=\"elementor-flip-box__button elementor-button elementor-size-sm\">\n\t\t\t\t\t\t\t\u0627\u062a\u0635\u0644 \u0628\u0646\u0627\t\t\t\t\t\t<\/span>\n\t\t\t\t\t\t\t\t<\/div>\n\t\t<\/div>\n\t\t<\/a>\n\t\t<\/div>\n\t\t\t\t\t\t<\/div>\n\t\t\t\t<\/div>\n\t\t\t\t<div class=\"elementor-element elementor-element-a52f1f0 elementor-flip-box--effect-fade elementor-widget elementor-widget-flip-box\" data-id=\"a52f1f0\" data-element_type=\"widget\" data-widget_type=\"flip-box.default\">\n\t\t\t\t<div class=\"elementor-widget-container\">\n\t\t\t\t\t\t\t<div class=\"elementor-flip-box\" tabindex=\"0\">\n\t\t\t<div class=\"elementor-flip-box__layer elementor-flip-box__front\">\n\t\t\t\t<div class=\"elementor-flip-box__layer__overlay\">\n\t\t\t\t\t<div class=\"elementor-flip-box__layer__inner\">\n\t\t\t\t\t\t\n\t\t\t\t\t\t\n\t\t\t\t\t\t\t\t\t\t\t<\/div>\n\t\t\t\t<\/div>\n\t\t\t<\/div>\n\t\t\t<a class=\"elementor-flip-box__layer elementor-flip-box__back\" href=\"https:\/\/wa.link\/gi7hfm\" target=\"_blank\">\n\t\t\t<div class=\"elementor-flip-box__layer__overlay\">\n\t\t\t\t<div class=\"elementor-flip-box__layer__inner\">\n\t\t\t\t\t\t\t\t\t\t\t<h3 class=\"elementor-flip-box__layer__title\">\n\t\t\t\t\t\t\tRS 520\t\t\t\t\t\t<\/h3>\n\t\t\t\t\t\n\t\t\t\t\t\t\t\t\t\t\t<div class=\"elementor-flip-box__layer__description\">\n\t\t\t\t\t\t\tSize: 12m x 4m <br>\n\n\u00d9\u2026\u00d8\u00af\u00d8\u00a9 \u00d8\u00a7\u00d9\u201e\u00d8\u00aa\u00d8\u00a3\u00d8\u00ac\u00d9\u0160\u00d8\u00b1 : 6 \u00d8\u00b3\u00d8\u00a7\u00d8\u00b9\u00d8\u00a7\u00d8\u00aa\t\t\t\t\t\t<\/div>\n\t\t\t\t\t\n\t\t\t\t\t\t\t\t\t\t\t<span class=\"elementor-flip-box__button elementor-button elementor-size-sm\">\n\t\t\t\t\t\t\t\u0627\u062a\u0635\u0644 \u0628\u0646\u0627\t\t\t\t\t\t<\/span>\n\t\t\t\t\t\t\t\t<\/div>\n\t\t<\/div>\n\t\t<\/a>\n\t\t<\/div>\n\t\t\t\t\t\t<\/div>\n\t\t\t\t<\/div>\n\t\t\t\t<div class=\"elementor-element elementor-element-95a8e0b elementor-flip-box--effect-fade elementor-widget elementor-widget-flip-box\" data-id=\"95a8e0b\" data-element_type=\"widget\" data-widget_type=\"flip-box.default\">\n\t\t\t\t<div class=\"elementor-widget-container\">\n\t\t\t\t\t\t\t<div class=\"elementor-flip-box\" tabindex=\"0\">\n\t\t\t<div class=\"elementor-flip-box__layer elementor-flip-box__front\">\n\t\t\t\t<div class=\"elementor-flip-box__layer__overlay\">\n\t\t\t\t\t<div class=\"elementor-flip-box__layer__inner\">\n\t\t\t\t\t\t\n\t\t\t\t\t\t\n\t\t\t\t\t\t\t\t\t\t\t<\/div>\n\t\t\t\t<\/div>\n\t\t\t<\/div>\n\t\t\t<a class=\"elementor-flip-box__layer elementor-flip-box__back\" href=\"https:\/\/wa.link\/gi7hfm\" target=\"_blank\">\n\t\t\t<div class=\"elementor-flip-box__layer__overlay\">\n\t\t\t\t<div class=\"elementor-flip-box__layer__inner\">\n\t\t\t\t\t\t\t\t\t\t\t<h3 class=\"elementor-flip-box__layer__title\">\n\t\t\t\t\t\t\tRS 520\t\t\t\t\t\t<\/h3>\n\t\t\t\t\t\n\t\t\t\t\t\t\t\t\t\t\t<div class=\"elementor-flip-box__layer__description\">\n\t\t\t\t\t\t\t\n\n\u00d8\u00a7\u00d9\u201e\u00d8\u00ad\u00d8\u00ac\u00d9\u2026: 5\u00d9\u2026 * 1.5\u00d9\u2026<br>\n\n\u00d9\u2026\u00d8\u00af\u00d8\u00a9 \u00d8\u00a7\u00d9\u201e\u00d8\u00aa\u00d8\u00a3\u00d8\u00ac\u00d9\u0160\u00d8\u00b1 : 6 \u00d8\u00b3\u00d8\u00a7\u00d8\u00b9\u00d8\u00a7\u00d8\u00aa\t\t\t\t\t\t<\/div>\n\t\t\t\t\t\n\t\t\t\t\t\t\t\t\t\t\t<span class=\"elementor-flip-box__button elementor-button elementor-size-sm\">\n\t\t\t\t\t\t\t\u0627\u062a\u0635\u0644 \u0628\u0646\u0627\t\t\t\t\t\t<\/span>\n\t\t\t\t\t\t\t\t<\/div>\n\t\t<\/div>\n\t\t<\/a>\n\t\t<\/div>\n\t\t\t\t\t\t<\/div>\n\t\t\t\t<\/div>\n\t\t\t\t<div class=\"elementor-element elementor-element-4c36723 elementor-flip-box--effect-fade elementor-widget elementor-widget-flip-box\" data-id=\"4c36723\" data-element_type=\"widget\" data-widget_type=\"flip-box.default\">\n\t\t\t\t<div class=\"elementor-widget-container\">\n\t\t\t\t\t\t\t<div class=\"elementor-flip-box\" tabindex=\"0\">\n\t\t\t<div class=\"elementor-flip-box__layer elementor-flip-box__front\">\n\t\t\t\t<div class=\"elementor-flip-box__layer__overlay\">\n\t\t\t\t\t<div class=\"elementor-flip-box__layer__inner\">\n\t\t\t\t\t\t\n\t\t\t\t\t\t\n\t\t\t\t\t\t\t\t\t\t\t<\/div>\n\t\t\t\t<\/div>\n\t\t\t<\/div>\n\t\t\t<a class=\"elementor-flip-box__layer elementor-flip-box__back\" href=\"https:\/\/wa.link\/gi7hfm\" target=\"_blank\">\n\t\t\t<div class=\"elementor-flip-box__layer__overlay\">\n\t\t\t\t<div class=\"elementor-flip-box__layer__inner\">\n\t\t\t\t\t\t\t\t\t\t\t<h3 class=\"elementor-flip-box__layer__title\">\n\t\t\t\t\t\t\t  1350 \u00d8\u00b1\u00d9\u0160\u00d8\u00a7\u00d9\u201e\t\t\t\t\t\t<\/h3>\n\t\t\t\t\t\n\t\t\t\t\t\t\t\t\t\t\t<div class=\"elementor-flip-box__layer__description\">\n\t\t\t\t\t\t\t\nSize: 2mX 1.5m<br>\n\n\u00d9\u2026\u00d8\u00af\u00d8\u00a9 \u00d8\u00a7\u00d9\u201e\u00d8\u00aa\u00d8\u00a3\u00d8\u00ac\u00d9\u0160\u00d8\u00b1 : 6 \u00d8\u00b3\u00d8\u00a7\u00d8\u00b9\u00d8\u00a7\u00d8\u00aa\t\t\t\t\t\t<\/div>\n\t\t\t\t\t\n\t\t\t\t\t\t\t\t\t\t\t<span class=\"elementor-flip-box__button elementor-button elementor-size-sm\">\n\t\t\t\t\t\t\t\u0627\u062a\u0635\u0644 \u0628\u0646\u0627\t\t\t\t\t\t<\/span>\n\t\t\t\t\t\t\t\t<\/div>\n\t\t<\/div>\n\t\t<\/a>\n\t\t<\/div>\n\t\t\t\t\t\t<\/div>\n\t\t\t\t<\/div>\n\t\t\t\t<div class=\"elementor-element elementor-element-3845f05 elementor-flip-box--effect-fade elementor-widget elementor-widget-flip-box\" data-id=\"3845f05\" data-element_type=\"widget\" data-widget_type=\"flip-box.default\">\n\t\t\t\t<div class=\"elementor-widget-container\">\n\t\t\t\t\t\t\t<div class=\"elementor-flip-box\" tabindex=\"0\">\n\t\t\t<div class=\"elementor-flip-box__layer elementor-flip-box__front\">\n\t\t\t\t<div class=\"elementor-flip-box__layer__overlay\">\n\t\t\t\t\t<div class=\"elementor-flip-box__layer__inner\">\n\t\t\t\t\t\t\n\t\t\t\t\t\t\n\t\t\t\t\t\t\t\t\t\t\t<\/div>\n\t\t\t\t<\/div>\n\t\t\t<\/div>\n\t\t\t<a class=\"elementor-flip-box__layer elementor-flip-box__back\" href=\"https:\/\/wa.link\/gi7hfm\" target=\"_blank\">\n\t\t\t<div class=\"elementor-flip-box__layer__overlay\">\n\t\t\t\t<div class=\"elementor-flip-box__layer__inner\">\n\t\t\t\t\t\t\t\t\t\t\t<h3 class=\"elementor-flip-box__layer__title\">\n\t\t\t\t\t\t\t980 \u00d8\u00b1\u00d9\u0160\u00d8\u00a7\u00d9\u201e\t\t\t\t\t\t<\/h3>\n\t\t\t\t\t\n\t\t\t\t\t\t\t\t\t\t\t<div class=\"elementor-flip-box__layer__description\">\n\t\t\t\t\t\t\t\n\u00d8\u00a7\u00d9\u201e\u00d8\u00ad\u00d8\u00ac\u00d9\u2026: 5\u00d9\u2026 * 5\u00d9\u2026\n<br>\n\n\u00d9\u2026\u00d8\u00af\u00d8\u00a9 \u00d8\u00a7\u00d9\u201e\u00d8\u00aa\u00d8\u00a3\u00d8\u00ac\u00d9\u0160\u00d8\u00b1 : 6 \u00d8\u00b3\u00d8\u00a7\u00d8\u00b9\u00d8\u00a7\u00d8\u00aa\t\t\t\t\t\t<\/div>\n\t\t\t\t\t\n\t\t\t\t\t\t\t\t\t\t\t<span class=\"elementor-flip-box__button elementor-button elementor-size-sm\">\n\t\t\t\t\t\t\t\u0627\u062a\u0635\u0644 \u0628\u0646\u0627\t\t\t\t\t\t<\/span>\n\t\t\t\t\t\t\t\t<\/div>\n\t\t<\/div>\n\t\t<\/a>\n\t\t<\/div>\n\t\t\t\t\t\t<\/div>\n\t\t\t\t<\/div>\n\t\t\t\t<div class=\"elementor-element elementor-element-f4adb3a elementor-flip-box--effect-fade elementor-widget elementor-widget-flip-box\" data-id=\"f4adb3a\" data-element_type=\"widget\" data-widget_type=\"flip-box.default\">\n\t\t\t\t<div class=\"elementor-widget-container\">\n\t\t\t\t\t\t\t<div class=\"elementor-flip-box\" tabindex=\"0\">\n\t\t\t<div class=\"elementor-flip-box__layer elementor-flip-box__front\">\n\t\t\t\t<div class=\"elementor-flip-box__layer__overlay\">\n\t\t\t\t\t<div class=\"elementor-flip-box__layer__inner\">\n\t\t\t\t\t\t\n\t\t\t\t\t\t\n\t\t\t\t\t\t\t\t\t\t\t<\/div>\n\t\t\t\t<\/div>\n\t\t\t<\/div>\n\t\t\t<a class=\"elementor-flip-box__layer elementor-flip-box__back\" href=\"https:\/\/wa.link\/gi7hfm\" target=\"_blank\">\n\t\t\t<div class=\"elementor-flip-box__layer__overlay\">\n\t\t\t\t<div class=\"elementor-flip-box__layer__inner\">\n\t\t\t\t\t\t\t\t\t\t\t<h3 class=\"elementor-flip-box__layer__title\">\n\t\t\t\t\t\t\t980 \u00d8\u00b1\u00d9\u0160\u00d8\u00a7\u00d9\u201e\t\t\t\t\t\t<\/h3>\n\t\t\t\t\t\n\t\t\t\t\t\t\t\t\t\t\t<div class=\"elementor-flip-box__layer__description\">\n\t\t\t\t\t\t\t\n\u00d8\u00a7\u00d9\u201e\u00d8\u00ad\u00d8\u00ac\u00d9\u2026: 5\u00d9\u2026 * 5\u00d9\u2026\n<br>\n\n\u00d9\u2026\u00d8\u00af\u00d8\u00a9 \u00d8\u00a7\u00d9\u201e\u00d8\u00aa\u00d8\u00a3\u00d8\u00ac\u00d9\u0160\u00d8\u00b1 : 6 \u00d8\u00b3\u00d8\u00a7\u00d8\u00b9\u00d8\u00a7\u00d8\u00aa\t\t\t\t\t\t<\/div>\n\t\t\t\t\t\n\t\t\t\t\t\t\t\t\t\t\t<span class=\"elementor-flip-box__button elementor-button elementor-size-sm\">\n\t\t\t\t\t\t\t\u0627\u062a\u0635\u0644 \u0628\u0646\u0627\t\t\t\t\t\t<\/span>\n\t\t\t\t\t\t\t\t<\/div>\n\t\t<\/div>\n\t\t<\/a>\n\t\t<\/div>\n\t\t\t\t\t\t<\/div>\n\t\t\t\t<\/div>\n\t\t\t\t\t<\/div>\n\t\t\t\t<\/div>\n\t\t\t\t<\/div>","protected":false},"excerpt":{"rendered":"<p>FUNNY INFLATABLES RS 980 Size: 6m X 6m Renat Period: 6 hrs Contact Us RS 480 Size: 5m X 4m Renat Period: 6 hrs Contact Us RS 360 Size: 2m X 1.5m Renat Period: 6 hrs Contact Us RS 560 Size: 4m X 4m Renat Period: 6 hrs Contact Us RS 520 Size: 12m x [&hellip;]<\/p>\n","protected":false},"author":230613667,"featured_media":0,"parent":0,"menu_order":0,"comment_status":"closed","ping_status":"closed","template":"","meta":{"_joinchat":[],"footnotes":""},"class_list":["post-10424","page","type-page","status-publish","hentry"],"blocksy_meta":[],"_links":{"self":[{"href":"https:\/\/kidzstations.com\/ar\/wp-json\/wp\/v2\/pages\/10424","targetHints":{"allow":["GET"]}}],"collection":[{"href":"https:\/\/kidzstations.com\/ar\/wp-json\/wp\/v2\/pages"}],"about":[{"href":"https:\/\/kidzstations.com\/ar\/wp-json\/wp\/v2\/types\/page"}],"author":[{"embeddable":true,"href":"https:\/\/kidzstations.com\/ar\/wp-json\/wp\/v2\/users\/230613667"}],"replies":[{"embeddable":true,"href":"https:\/\/kidzstations.com\/ar\/wp-json\/wp\/v2\/comments?post=10424"}],"version-history":[{"count":0,"href":"https:\/\/kidzstations.com\/ar\/wp-json\/wp\/v2\/pages\/10424\/revisions"}],"wp:attachment":[{"href":"https:\/\/kidzstations.com\/ar\/wp-json\/wp\/v2\/media?parent=10424"}],"curies":[{"name":"wp","href":"https:\/\/api.w.org\/{rel}","templated":true}]}}