{"id":10040,"date":"2023-07-13T09:41:19","date_gmt":"2023-07-13T06:41:19","guid":{"rendered":"https:\/\/kidzstations.net\/?page_id=10040"},"modified":"2024-04-24T19:56:21","modified_gmt":"2024-04-24T16:56:21","slug":"inflatables","status":"publish","type":"page","link":"https:\/\/kidzstations.com\/ar\/inflatables\/","title":{"rendered":"INFLATABLES"},"content":{"rendered":"<div data-elementor-type=\"wp-page\" data-elementor-id=\"10040\" class=\"elementor elementor-10040\" data-elementor-post-type=\"page\">\n\t\t\t\t<div class=\"elementor-element elementor-element-fb8d8f6 e-flex e-con-boxed e-con e-parent\" data-id=\"fb8d8f6\" data-element_type=\"container\" data-settings=\"{&quot;background_background&quot;:&quot;classic&quot;,&quot;shape_divider_bottom&quot;:&quot;curve&quot;,&quot;shape_divider_bottom_negative&quot;:&quot;yes&quot;,&quot;jet_parallax_layout_list&quot;:[]}\">\n\t\t\t\t\t<div class=\"e-con-inner\">\n\t\t\t\t<div class=\"elementor-shape elementor-shape-bottom\" aria-hidden=\"true\" data-negative=\"true\">\n\t\t\t<svg xmlns=\"http:\/\/www.w3.org\/2000\/svg\" viewbox=\"0 0 1000 100\" preserveaspectratio=\"none\">\n\t<path class=\"elementor-shape-fill\" d=\"M500,97C126.7,96.3,0.8,19.8,0,0v100l1000,0V1C1000,19.4,873.3,97.8,500,97z\"\/>\n<\/svg>\t\t<\/div>\n\t\t\t\t<div class=\"elementor-element elementor-element-965fe1e elementor-widget elementor-widget-image\" data-id=\"965fe1e\" data-element_type=\"widget\" data-widget_type=\"image.default\">\n\t\t\t\t<div class=\"elementor-widget-container\">\n\t\t\t\t\t\t\t\t\t\t\t\t\t\t\t<img fetchpriority=\"high\" decoding=\"async\" width=\"579\" height=\"431\" src=\"https:\/\/kidzstations.com\/wp-content\/uploads\/2024\/04\/Kidz_Decorations__1720___1279px___5_-removebg-preview.webp\" class=\"attachment-large size-large wp-image-12762\" alt=\"\" srcset=\"https:\/\/kidzstations.com\/wp-content\/uploads\/2024\/04\/Kidz_Decorations__1720___1279px___5_-removebg-preview.webp 579w, https:\/\/kidzstations.com\/wp-content\/uploads\/2024\/04\/Kidz_Decorations__1720___1279px___5_-removebg-preview-300x223.webp 300w, https:\/\/kidzstations.com\/wp-content\/uploads\/2024\/04\/Kidz_Decorations__1720___1279px___5_-removebg-preview-16x12.webp 16w\" sizes=\"(max-width: 579px) 100vw, 579px\" \/>\t\t\t\t\t\t\t\t\t\t\t\t\t\t\t<\/div>\n\t\t\t\t<\/div>\n\t\t\t\t\t<\/div>\n\t\t\t\t<\/div>\n\t\t<div class=\"elementor-element elementor-element-c4dcb71 e-flex e-con-boxed e-con e-parent\" data-id=\"c4dcb71\" data-element_type=\"container\" data-settings=\"{&quot;jet_parallax_layout_list&quot;:[]}\">\n\t\t\t\t\t<div class=\"e-con-inner\">\n\t\t\t\t<div class=\"elementor-element elementor-element-1be7b2d elementor-widget elementor-widget-heading\" data-id=\"1be7b2d\" data-element_type=\"widget\" data-widget_type=\"heading.default\">\n\t\t\t\t<div class=\"elementor-widget-container\">\n\t\t\t\t\t<h2 class=\"elementor-heading-title elementor-size-default\">ELECTION OF INFLATABLE RENTALS, Water Slides &amp; Inflatable Games IN RIYADH CITY.<\/h2>\t\t\t\t<\/div>\n\t\t\t\t<\/div>\n\t\t\t\t<div class=\"elementor-element elementor-element-d62170e elementor-widget elementor-widget-text-editor\" data-id=\"d62170e\" data-element_type=\"widget\" data-widget_type=\"text-editor.default\">\n\t\t\t\t<div class=\"elementor-widget-container\">\n\t\t\t\t\t\t\t\t\t<p>\u00d9\u2020\u00d8\u00ad\u00d9\u2020 \u00d9\u2020\u00d9\u201a\u00d8\u00af\u00d9\u2026 \u00d8\u00a7\u00d9\u201e\u00d9\u2020\u00d8\u00b7\u00d9\u0160\u00d8\u00b7\u00d8\u00a7\u00d8\u00aa \u00d8\u0152 \u00d8\u00a7\u00d9\u201e\u00d8\u00a3\u00d9\u201e\u00d8\u00b9\u00d8\u00a7\u00d8\u00a8 \u00d8\u00a7\u00d9\u201e\u00d9\u2021\u00d9\u02c6\u00d8\u00a7\u00d8\u00a6\u00d9\u0160\u00d8\u00a9 \u00d9\u02c6 \u00d8\u00a7\u00d9\u201e\u00d8\u00a5\u00d9\u201e\u00d9\u0192\u00d8\u00aa\u00d8\u00b1\u00d9\u02c6\u00d9\u2020\u00d9\u0160\u00d8\u00a9 \u00d9\u201e\u00d8\u00a3\u00d9\u0160 \u00d9\u2020\u00d9\u02c6\u00d8\u00b9 \u00d9\u2026\u00d9\u2020 \u00d8\u00a7\u00d9\u201e\u00d9\u2026\u00d9\u2020\u00d8\u00a7\u00d8\u00b3\u00d8\u00a8\u00d8\u00a7\u00d8\u00aa \u00d9\u02c6 \u00d8\u00a7\u00d9\u201e\u00d8\u00ad\u00d9\u0081\u00d9\u201e\u00d8\u00a7\u00d8\u00aa \u00d8\u00a8\u00d9\u2026\u00d8\u00a7 \u00d9\u0081\u00d9\u0160 \u00d8\u00b0\u00d9\u201e\u00d9\u0192: \u00d8\u00ad\u00d9\u0081\u00d9\u201e\u00d8\u00a7\u00d8\u00aa \u00d8\u00a3\u00d8\u00b9\u00d9\u0160\u00d8\u00a7\u00d8\u00af \u00d8\u00a7\u00d9\u201e\u00d9\u2026\u00d9\u0160\u00d9\u201e\u00d8\u00a7\u00d8\u00af \u00d8\u0152 \u00d8\u00ad\u00d9\u0081\u00d9\u201e\u00d8\u00a7\u00d8\u00aa \u00d8\u00a7\u00d9\u201e\u00d8\u00aa\u00d8\u00ae\u00d8\u00b1\u00d8\u00ac  \u00d8\u0152 \u00d9\u02c6\u00d8\u00a7\u00d9\u201e\u00d9\u2026\u00d8\u00b9\u00d8\u00a7\u00d8\u00b1\u00d8\u00b6 \/ \u00d8\u00a7\u00d9\u201e\u00d9\u0192\u00d8\u00b1\u00d9\u2020\u00d9\u0081\u00d8\u00a7\u00d9\u201e\u00d8\u00a7\u00d8\u00aa \u00d8\u0152 \u00d9\u02c6\u00d9\u2026\u00d9\u2020\u00d8\u00a7\u00d8\u00b3\u00d8\u00a8\u00d8\u00a7\u00d8\u00aa \u00d8\u00a7\u00d9\u201e\u00d8\u00b4\u00d8\u00b1\u00d9\u0192\u00d8\u00a7\u00d8\u00aa \u00d8\u00a7\u00d9\u201e\u00d9\u2026\u00d8\u00ae\u00d8\u00aa\u00d9\u201e\u00d9\u0081\u00d8\u00a9.<\/p><p>We have entertainment BOUNCY AND INFLATABLES including a large selection of inflatables, carnival games, and so much more. Kidz Stations s has many types of\u00a0 inflatable bounce house rentals, inflatable water slide rentals, , jumper rentals, bouncy castle rentals and other party rentals for all ages and all budgets in Riyadh.<\/p><p><a href=\"https:\/\/wa.link\/gi7hfm\">\u00d8\u00aa\u00d9\u02c6\u00d8\u00a7\u00d8\u00b5\u00d9\u201e \u00d8\u00a7\u00d9\u201e\u00d8\u00a3\u00d9\u2020<\/a>\u00a0\u00d8\u00a3\u00d9\u02c6 \u00d8\u00a5\u00d8\u00aa\u00d8\u00b5\u00d9\u201e \u00d8\u00b9\u00d9\u201e\u00d9\u2030 \u00d8\u00a7\u00d9\u201e\u00d8\u00b1\u00d9\u201a\u00d9\u2026\u00a0<a href=\"tel:+966-535-866-234\">053-586-6234<\/a>\u00a0\u00d9\u201e\u00d9\u201e\u00d9\u2026\u00d8\u00b2\u00d9\u0160\u00d8\u00af \u00d9\u2026\u00d9\u2020 \u00d8\u00a7\u00d9\u201e\u00d9\u2026\u00d8\u00b9\u00d9\u201e\u00d9\u02c6\u00d9\u2026\u00d8\u00a7\u00d8\u00aa \u00d9\u02c6 \u00d8\u00a7\u00d9\u201e\u00d8\u00ae\u00d8\u00af\u00d9\u2026\u00d8\u00a7\u00d8\u00aa.<\/p>\t\t\t\t\t\t\t\t<\/div>\n\t\t\t\t<\/div>\n\t\t\t\t\t<\/div>\n\t\t\t\t<\/div>\n\t\t<div class=\"elementor-element elementor-element-fd5b20f e-flex e-con-boxed e-con e-parent\" data-id=\"fd5b20f\" data-element_type=\"container\" data-settings=\"{&quot;jet_parallax_layout_list&quot;:[]}\">\n\t\t\t\t\t<div class=\"e-con-inner\">\n\t\t\t\t<div class=\"elementor-element elementor-element-0c87109 elementor-flip-box--effect-fade elementor-widget__width-initial elementor-widget elementor-widget-flip-box\" data-id=\"0c87109\" data-element_type=\"widget\" data-widget_type=\"flip-box.default\">\n\t\t\t\t<div class=\"elementor-widget-container\">\n\t\t\t\t\t\t\t<div class=\"elementor-flip-box\" tabindex=\"0\">\n\t\t\t<div class=\"elementor-flip-box__layer elementor-flip-box__front\">\n\t\t\t\t<div class=\"elementor-flip-box__layer__overlay\">\n\t\t\t\t\t<div class=\"elementor-flip-box__layer__inner\">\n\t\t\t\t\t\t\t\t\t\t\t\t\t<div class=\"elementor-icon-wrapper elementor-view-default\">\n\t\t\t\t\t\t\t\t<div class=\"elementor-icon\">\n\t\t\t\t\t\t\t\t\t\t\t\t\t\t\t\t\t<\/div>\n\t\t\t\t\t\t\t<\/div>\n\t\t\t\t\t\t\n\t\t\t\t\t\t\n\t\t\t\t\t\t\t\t\t\t\t<\/div>\n\t\t\t\t<\/div>\n\t\t\t<\/div>\n\t\t\t<div class=\"elementor-flip-box__layer elementor-flip-box__back\">\n\t\t\t<div class=\"elementor-flip-box__layer__overlay\">\n\t\t\t\t<div class=\"elementor-flip-box__layer__inner\">\n\t\t\t\t\t\n\t\t\t\t\t\n\t\t\t\t\t\t\t\t\t\t\t<a class=\"elementor-flip-box__button elementor-button elementor-size-sm\" href=\"https:\/\/kidzstations.com\/ar\/bouncers\/\">\n\t\t\t\t\t\t\t\u00d8\u00a7\u00d9\u201e\u00d9\u2020\u00d8\u00b7\u00d9\u0160\u00d8\u00b7\u00d8\u00a7\u00d8\u00aa\t\t\t\t\t\t<\/a>\n\t\t\t\t\t\t\t\t<\/div>\n\t\t<\/div>\n\t\t<\/div>\n\t\t<\/div>\n\t\t\t\t\t\t<\/div>\n\t\t\t\t<\/div>\n\t\t\t\t<div class=\"elementor-element elementor-element-e9a89ba elementor-flip-box--effect-fade elementor-widget__width-initial elementor-widget elementor-widget-flip-box\" data-id=\"e9a89ba\" data-element_type=\"widget\" data-widget_type=\"flip-box.default\">\n\t\t\t\t<div class=\"elementor-widget-container\">\n\t\t\t\t\t\t\t<div class=\"elementor-flip-box\" tabindex=\"0\">\n\t\t\t<div class=\"elementor-flip-box__layer elementor-flip-box__front\">\n\t\t\t\t<div class=\"elementor-flip-box__layer__overlay\">\n\t\t\t\t\t<div class=\"elementor-flip-box__layer__inner\">\n\t\t\t\t\t\t\t\t\t\t\t\t\t<div class=\"elementor-icon-wrapper elementor-view-default\">\n\t\t\t\t\t\t\t\t<div class=\"elementor-icon\">\n\t\t\t\t\t\t\t\t\t\t\t\t\t\t\t\t\t<\/div>\n\t\t\t\t\t\t\t<\/div>\n\t\t\t\t\t\t\n\t\t\t\t\t\t\n\t\t\t\t\t\t\t\t\t\t\t<\/div>\n\t\t\t\t<\/div>\n\t\t\t<\/div>\n\t\t\t<div class=\"elementor-flip-box__layer elementor-flip-box__back\">\n\t\t\t<div class=\"elementor-flip-box__layer__overlay\">\n\t\t\t\t<div class=\"elementor-flip-box__layer__inner\">\n\t\t\t\t\t\n\t\t\t\t\t\n\t\t\t\t\t\t\t\t\t\t\t<a class=\"elementor-flip-box__button elementor-button elementor-size-sm\" href=\"https:\/\/kidzstations.com\/ar\/slides\/\">\n\t\t\t\t\t\t\t\u00d8\u00a7\u00d9\u201e\u00d8\u00b2\u00d8\u00ad\u00d8\u00a7\u00d9\u201e\u00d9\u0160\u00d9\u201a\t\t\t\t\t\t<\/a>\n\t\t\t\t\t\t\t\t<\/div>\n\t\t<\/div>\n\t\t<\/div>\n\t\t<\/div>\n\t\t\t\t\t\t<\/div>\n\t\t\t\t<\/div>\n\t\t\t\t<div class=\"elementor-element elementor-element-20c3337 elementor-flip-box--effect-fade elementor-widget__width-initial elementor-widget elementor-widget-flip-box\" data-id=\"20c3337\" data-element_type=\"widget\" data-widget_type=\"flip-box.default\">\n\t\t\t\t<div class=\"elementor-widget-container\">\n\t\t\t\t\t\t\t<div class=\"elementor-flip-box\" tabindex=\"0\">\n\t\t\t<div class=\"elementor-flip-box__layer elementor-flip-box__front\">\n\t\t\t\t<div class=\"elementor-flip-box__layer__overlay\">\n\t\t\t\t\t<div class=\"elementor-flip-box__layer__inner\">\n\t\t\t\t\t\t\t\t\t\t\t\t\t<div class=\"elementor-icon-wrapper elementor-view-default\">\n\t\t\t\t\t\t\t\t<div class=\"elementor-icon\">\n\t\t\t\t\t\t\t\t\t\t\t\t\t\t\t\t\t<\/div>\n\t\t\t\t\t\t\t<\/div>\n\t\t\t\t\t\t\n\t\t\t\t\t\t\n\t\t\t\t\t\t\t\t\t\t\t<\/div>\n\t\t\t\t<\/div>\n\t\t\t<\/div>\n\t\t\t<div class=\"elementor-flip-box__layer elementor-flip-box__back\">\n\t\t\t<div class=\"elementor-flip-box__layer__overlay\">\n\t\t\t\t<div class=\"elementor-flip-box__layer__inner\">\n\t\t\t\t\t\n\t\t\t\t\t\n\t\t\t\t\t\t\t\t\t\t\t<a class=\"elementor-flip-box__button elementor-button elementor-size-sm\" href=\"https:\/\/kidzstations.com\/ar\/funny-inflatables\/\">\n\t\t\t\t\t\t\t\u00d8\u00a3\u00d9\u201e\u00d8\u00b9\u00d8\u00a7\u00d8\u00a8 \u00d8\u00a7\u00d9\u201e\u00d9\u2026\u00d8\u00b1\u00d8\u00ad \u00d8\u00a7\u00d9\u201e\u00d9\u2021\u00d9\u02c6\u00d8\u00a7\u00d8\u00a6\u00d9\u0160\u00d8\u00a9\t\t\t\t\t\t<\/a>\n\t\t\t\t\t\t\t\t<\/div>\n\t\t<\/div>\n\t\t<\/div>\n\t\t<\/div>\n\t\t\t\t\t\t<\/div>\n\t\t\t\t<\/div>\n\t\t\t\t<div class=\"elementor-element elementor-element-3db6fe8 elementor-flip-box--effect-fade elementor-widget__width-initial elementor-widget elementor-widget-flip-box\" data-id=\"3db6fe8\" data-element_type=\"widget\" data-widget_type=\"flip-box.default\">\n\t\t\t\t<div class=\"elementor-widget-container\">\n\t\t\t\t\t\t\t<div class=\"elementor-flip-box\" tabindex=\"0\">\n\t\t\t<div class=\"elementor-flip-box__layer elementor-flip-box__front\">\n\t\t\t\t<div class=\"elementor-flip-box__layer__overlay\">\n\t\t\t\t\t<div class=\"elementor-flip-box__layer__inner\">\n\t\t\t\t\t\t\t\t\t\t\t\t\t<div class=\"elementor-icon-wrapper elementor-view-default\">\n\t\t\t\t\t\t\t\t<div class=\"elementor-icon\">\n\t\t\t\t\t\t\t\t\t\t\t\t\t\t\t\t\t<\/div>\n\t\t\t\t\t\t\t<\/div>\n\t\t\t\t\t\t\n\t\t\t\t\t\t\n\t\t\t\t\t\t\t\t\t\t\t<\/div>\n\t\t\t\t<\/div>\n\t\t\t<\/div>\n\t\t\t<div class=\"elementor-flip-box__layer elementor-flip-box__back\">\n\t\t\t<div class=\"elementor-flip-box__layer__overlay\">\n\t\t\t\t<div class=\"elementor-flip-box__layer__inner\">\n\t\t\t\t\t\n\t\t\t\t\t\n\t\t\t\t\t\t\t\t\t\t\t<a class=\"elementor-flip-box__button elementor-button elementor-size-sm\" href=\"https:\/\/kidzstations.com\/ar\/water-slides\/\">\n\t\t\t\t\t\t\tWater Slides\t\t\t\t\t\t<\/a>\n\t\t\t\t\t\t\t\t<\/div>\n\t\t<\/div>\n\t\t<\/div>\n\t\t<\/div>\n\t\t\t\t\t\t<\/div>\n\t\t\t\t<\/div>\n\t\t\t\t<div class=\"elementor-element elementor-element-f75acd1 elementor-flip-box--effect-fade elementor-widget__width-initial elementor-widget elementor-widget-flip-box\" data-id=\"f75acd1\" data-element_type=\"widget\" data-widget_type=\"flip-box.default\">\n\t\t\t\t<div class=\"elementor-widget-container\">\n\t\t\t\t\t\t\t<div class=\"elementor-flip-box\" tabindex=\"0\">\n\t\t\t<div class=\"elementor-flip-box__layer elementor-flip-box__front\">\n\t\t\t\t<div class=\"elementor-flip-box__layer__overlay\">\n\t\t\t\t\t<div class=\"elementor-flip-box__layer__inner\">\n\t\t\t\t\t\t\t\t\t\t\t\t\t<div class=\"elementor-icon-wrapper elementor-view-default\">\n\t\t\t\t\t\t\t\t<div class=\"elementor-icon\">\n\t\t\t\t\t\t\t\t\t\t\t\t\t\t\t\t\t<\/div>\n\t\t\t\t\t\t\t<\/div>\n\t\t\t\t\t\t\n\t\t\t\t\t\t\n\t\t\t\t\t\t\t\t\t\t\t<\/div>\n\t\t\t\t<\/div>\n\t\t\t<\/div>\n\t\t\t<div class=\"elementor-flip-box__layer elementor-flip-box__back\">\n\t\t\t<div class=\"elementor-flip-box__layer__overlay\">\n\t\t\t\t<div class=\"elementor-flip-box__layer__inner\">\n\t\t\t\t\t\n\t\t\t\t\t\n\t\t\t\t\t\t\t\t\t\t\t<a class=\"elementor-flip-box__button elementor-button elementor-size-sm\" href=\"https:\/\/kidzstations.com\/ar\/electronic-games\/\">\n\t\t\t\t\t\t\t\u00d8\u00a7\u00d9\u201e\u00d8\u00a3\u00d9\u201e\u00d8\u00b9\u00d8\u00a7\u00d8\u00a8 \u00d8\u00a7\u00d9\u201e\u00d8\u00a5\u00d9\u201e\u00d9\u0192\u00d8\u00aa\u00d8\u00b1\u00d9\u02c6\u00d9\u2020\u00d9\u0160\u00d8\u00a9\t\t\t\t\t\t<\/a>\n\t\t\t\t\t\t\t\t<\/div>\n\t\t<\/div>\n\t\t<\/div>\n\t\t<\/div>\n\t\t\t\t\t\t<\/div>\n\t\t\t\t<\/div>\n\t\t\t\t\t<\/div>\n\t\t\t\t<\/div>\n\t\t\t\t<\/div>","protected":false},"excerpt":{"rendered":"<p>ELECTION OF INFLATABLE RENTALS, Water Slides &#038; Inflatable Games IN RIYADH CITY. We offer inflatables for any type of event including: birthday parties, post-prom, graduations, bar\/bat mitzvahs, fairs\/carnivals, and corporate events. We have entertainment BOUNCY AND INFLATABLES including a large selection of inflatables, carnival games, and so much more. Kidz Stations s has many types [&hellip;]<\/p>\n","protected":false},"author":230613667,"featured_media":0,"parent":0,"menu_order":0,"comment_status":"closed","ping_status":"closed","template":"","meta":{"_joinchat":[],"footnotes":""},"class_list":["post-10040","page","type-page","status-publish","hentry"],"blocksy_meta":[],"_links":{"self":[{"href":"https:\/\/kidzstations.com\/ar\/wp-json\/wp\/v2\/pages\/10040","targetHints":{"allow":["GET"]}}],"collection":[{"href":"https:\/\/kidzstations.com\/ar\/wp-json\/wp\/v2\/pages"}],"about":[{"href":"https:\/\/kidzstations.com\/ar\/wp-json\/wp\/v2\/types\/page"}],"author":[{"embeddable":true,"href":"https:\/\/kidzstations.com\/ar\/wp-json\/wp\/v2\/users\/230613667"}],"replies":[{"embeddable":true,"href":"https:\/\/kidzstations.com\/ar\/wp-json\/wp\/v2\/comments?post=10040"}],"version-history":[{"count":0,"href":"https:\/\/kidzstations.com\/ar\/wp-json\/wp\/v2\/pages\/10040\/revisions"}],"wp:attachment":[{"href":"https:\/\/kidzstations.com\/ar\/wp-json\/wp\/v2\/media?parent=10040"}],"curies":[{"name":"wp","href":"https:\/\/api.w.org\/{rel}","templated":true}]}}